{"id":1029,"date":"2021-07-15T13:13:50","date_gmt":"2021-07-15T10:13:50","guid":{"rendered":"https:\/\/wippo.md\/?page_id=1029"},"modified":"2021-12-10T16:37:28","modified_gmt":"2021-12-10T14:37:28","slug":"despre-noi","status":"publish","type":"page","link":"https:\/\/www.wippo.md\/ro\/despre-noi\/","title":{"rendered":"Despre noi"},"content":{"rendered":"<p>[vc_row][vc_column][vc_row_inner][vc_column_inner width=&#8221;1\/2&#8243;][vc_column_text]<\/p>\n<h3><span id=\"result_box\" class=\"\" lang=\"ro\"><strong><span class=\"\">Cine suntem noi?<\/span><\/strong>\u00a0<\/span><\/h3>\n<p>Ca o companie care \u0219i-a \u00eenceput activitatea \u00een 2011, succesul nostru este asigurat de experien\u021ba c\u00e2\u0219tigat\u0103 din numeroasele proiecte derulate p\u00e2n\u0103 \u00een prezent. \u00cencep\u00e2nd cu <a href=\"https:\/\/www.wippo.md\/web-design-creare-site-elaborare-website\/\" target=\"_blank\" rel=\"noopener noreferrer\">Web Design<\/a>, Wippo IT a reu\u0219it s\u0103 fie o tendin\u021b\u0103 cu tehnologii care ofer\u0103 clien\u021bilor s\u0103i solu\u021bii complexe, interactive \u0219i structurate profesional optimizate pentru afacerile <a href=\"https:\/\/www.wippo.md\/clientii-nostrii\/\" target=\"_blank\" rel=\"noopener noreferrer\">clien\u021bilor no\u0219tri<\/a>. \u00cen urm\u0103torii doi ani de activitate, tot mai multe companii ne-au cerut s\u0103 cre\u0103m pentru ele diverse sisteme specializate (cum ar fi <a href=\"https:\/\/www.wippo.md\/ro\/crm-moldova\/\">CRM<\/a>, <a href=\"https:\/\/www.wippo.md\/ro\/aplicatie-mobila-vanzatori-sfa\/\">SFA<\/a>, <a href=\"https:\/\/www.wippo.md\/ro\/aplicatie-mobila-expeditori-pod\/\">POD<\/a>, sisteme complexe) pentru a optimiza procesele lor de afaceri. Aceste sisteme, dezvoltate \u0219i implementate de noi, func\u021bioneaz\u0103 chiar \u0219i ast\u0103zi, au avut o contribu\u021bie semnificativ\u0103 \u00een managementul companiei, ob\u021bin\u00e2nd referin\u021be excelente de la clien\u021bii no\u0219tri. \u00cen ceea ce prive\u0219te cererea din partea managementului pie\u021bei din Republica Moldova \u0219i nu doar, am dezvoltat \u0219i interconectat sisteme multiplatform\u0103 bazate pe tehnologii precum interfa\u021ba web, interfa\u021ba software \u0219i <a href=\"https:\/\/www.wippo.md\/ro\/elaborare-aplicatie-mobila-android-ios\/\" target=\"_blank\" rel=\"noopener noreferrer\">aplica\u021biile mobile<\/a>.[\/vc_column_text][vc_column_text]<\/p>\n<h3><span id=\"result_box\" class=\"\" lang=\"ro\"><strong>Echipa noastr\u0103.<\/strong> <\/span><\/h3>\n<p><span id=\"result_box\" class=\"\" lang=\"ro\">Calific\u0103rile \u0219i experien\u021ba speciali\u0219tilor no\u0219tri \u00een departamentul de dezvoltare ne permite s\u0103 elabor\u0103m solu\u021bii personalizate pentru diferite platforme <a href=\"https:\/\/www.wippo.md\/ro\/portfolio-category\/dezvoltare-web\/\" target=\"_blank\" rel=\"noopener\">Web<\/a>, Software \u0219i <a href=\"https:\/\/www.wippo.md\/ro\/portfolio-category\/aplicatii-mobile\/\" target=\"_blank\" rel=\"noopener\">Mobile<\/a>. <span class=\"\">Departamentul de Securitate \u0219i Infrastructur\u0103 IT ofer\u0103 servicii precum managementul, securitatea, auditul infrastructurii IT \u0219i alte servicii specializate. \u00centotdeauna suntem \u00een <a href=\"https:\/\/www.wippo.md\/ro\/cariera\/\" target=\"_blank\" rel=\"noopener\">c\u0103utare de oameni noi<\/a>!<\/span><\/span>[\/vc_column_text][\/vc_column_inner][vc_column_inner width=&#8221;1\/2&#8243;][vc_column_text]<\/p>\n<h3><span id=\"result_box\" class=\"\" lang=\"ro\"><strong>Realiz\u0103ri.<\/strong><\/span><\/h3>\n<p><span id=\"result_box\" class=\"\" lang=\"ro\"><span class=\"\">Echipa noastr\u0103 de \u00eenalt\u0103 calificare &#8211; Wippo IT, ne-a permis s\u0103 realiz\u0103m proiecte \u00een diverse domenii IT, at\u00e2t \u00een Republica Moldova, c\u00e2t \u0219i \u00een str\u0103in\u0103tate, inclusiv Rom\u00e2nia, Rusia, Danemarca, Insulele Feroe, Islanda, Cipru, Italia, Statele Unite, Marea Britanie, Austria, Turcia \u0219i Nigeria.<\/span> <span class=\"\">Experien\u021ba dob\u00e2ndit\u0103 \u00een acest sector a condus la crearea unui departament \u00een cadrul companiei orientat spre implementarea solu\u021biilor &#8222;gata&#8221;.<\/span> <span class=\"\">Pentru a r\u0103spunde nevoilor clien\u021bilor, pe baza unui mic studiu, oferim posibilitatea de a achizi\u021biona o solu\u021bie deja dezvoltat\u0103, av\u00e2nd la baz\u0103 o mul\u021bime de certific\u0103ri \u0219i experien\u021b\u0103 care func\u021bioneaz\u0103 \u00een cadrul mai multor companii sau op\u021biunea de a proiecta \u0219i dezvolta un sistem personalizat<\/span> <span class=\"\">la cerin\u021bele clien\u021bilor.<\/span> <\/span><\/p>\n<p><span id=\"result_box\" class=\"\" lang=\"ro\"><span class=\"\">Misiunea companiei Wippo IT este de a ajuta companiile s\u0103-\u0219i optimizeze costurile, s\u0103 eficientizeze procesele \u0219i s\u0103 sporeasc\u0103 rentabilitatea \u00een activitatea lor zilnic\u0103.<\/span><\/span>[\/vc_column_text][\/vc_column_inner][\/vc_row_inner][\/vc_column][\/vc_row]<\/p>\n","protected":false},"excerpt":{"rendered":"<p>[vc_row][vc_column][vc_row_inner][vc_column_inner width=&#8221;1\/2&#8243;][vc_column_text] Cine suntem noi?\u00a0 Ca o companie care \u0219i-a \u00eenceput activitatea \u00een 2011, succesul nostru este asigurat de experien\u021ba [&hellip;]<\/p>\n","protected":false},"author":3,"featured_media":0,"parent":0,"menu_order":0,"comment_status":"closed","ping_status":"closed","template":"template-about.php","meta":[],"yoast_head":"<!-- This site is optimized with the Yoast SEO plugin v20.6 - https:\/\/yoast.com\/wordpress\/plugins\/seo\/ -->\n<title>Despre compenia WIPPO IT in Moldova, Danemarca, Insulele Feroe<\/title>\n<meta name=\"description\" content=\"Wippo IT \u0219i-a \u00eenceput activitatea \u00een 2011. Ofer\u0103 servicii de dezvoltare web, crearea aplica\u021bii mobile, servicii de automatizare a proceselor de afaceri\" \/>\n<meta name=\"robots\" content=\"index, follow, max-snippet:-1, max-image-preview:large, max-video-preview:-1\" \/>\n<link rel=\"canonical\" href=\"https:\/\/www.wippo.md\/ro\/despre-noi\/\" \/>\n<meta property=\"og:locale\" content=\"ro_RO\" \/>\n<meta property=\"og:type\" content=\"article\" \/>\n<meta property=\"og:title\" content=\"Despre compenia WIPPO IT in Moldova, Danemarca, Insulele Feroe\" \/>\n<meta property=\"og:description\" content=\"Wippo IT \u0219i-a \u00eenceput activitatea \u00een 2011. Ofer\u0103 servicii de dezvoltare web, crearea aplica\u021bii mobile, servicii de automatizare a proceselor de afaceri\" \/>\n<meta property=\"og:url\" content=\"https:\/\/www.wippo.md\/ro\/despre-noi\/\" \/>\n<meta property=\"og:site_name\" content=\"WIPPO IT\" \/>\n<meta property=\"article:publisher\" content=\"https:\/\/www.facebook.com\/Wippo.Team\/\" \/>\n<meta property=\"article:modified_time\" content=\"2021-12-10T14:37:28+00:00\" \/>\n<meta name=\"twitter:card\" content=\"summary_large_image\" \/>\n<meta name=\"twitter:site\" content=\"@WippoIt\" \/>\n<script type=\"application\/ld+json\" class=\"yoast-schema-graph\">{\"@context\":\"https:\/\/schema.org\",\"@graph\":[{\"@type\":\"WebPage\",\"@id\":\"https:\/\/www.wippo.md\/ro\/despre-noi\/\",\"url\":\"https:\/\/www.wippo.md\/ro\/despre-noi\/\",\"name\":\"Despre compenia WIPPO IT in Moldova, Danemarca, Insulele Feroe\",\"isPartOf\":{\"@id\":\"https:\/\/www.wippo.md\/ru\/#website\"},\"datePublished\":\"2021-07-15T10:13:50+00:00\",\"dateModified\":\"2021-12-10T14:37:28+00:00\",\"description\":\"Wippo IT \u0219i-a \u00eenceput activitatea \u00een 2011. Ofer\u0103 servicii de dezvoltare web, crearea aplica\u021bii mobile, servicii de automatizare a proceselor de afaceri\",\"inLanguage\":\"ro-RO\",\"potentialAction\":[{\"@type\":\"ReadAction\",\"target\":[\"https:\/\/www.wippo.md\/ro\/despre-noi\/\"]}]},{\"@type\":\"WebSite\",\"@id\":\"https:\/\/www.wippo.md\/ru\/#website\",\"url\":\"https:\/\/www.wippo.md\/ru\/\",\"name\":\"WIPPO IT\",\"description\":\"We make it work\",\"publisher\":{\"@id\":\"https:\/\/www.wippo.md\/ru\/#organization\"},\"potentialAction\":[{\"@type\":\"SearchAction\",\"target\":{\"@type\":\"EntryPoint\",\"urlTemplate\":\"https:\/\/www.wippo.md\/ru\/?s={search_term_string}\"},\"query-input\":\"required name=search_term_string\"}],\"inLanguage\":\"ro-RO\"},{\"@type\":\"Organization\",\"@id\":\"https:\/\/www.wippo.md\/ru\/#organization\",\"name\":\"Wippo IT\",\"url\":\"https:\/\/www.wippo.md\/ru\/\",\"logo\":{\"@type\":\"ImageObject\",\"inLanguage\":\"ro-RO\",\"@id\":\"https:\/\/www.wippo.md\/ru\/#\/schema\/logo\/image\/\",\"url\":\"https:\/\/www.wippo.md\/wp-content\/uploads\/2018\/07\/logo-e1531397950307.png\",\"contentUrl\":\"https:\/\/www.wippo.md\/wp-content\/uploads\/2018\/07\/logo-e1531397950307.png\",\"width\":120,\"height\":120,\"caption\":\"Wippo IT\"},\"image\":{\"@id\":\"https:\/\/www.wippo.md\/ru\/#\/schema\/logo\/image\/\"},\"sameAs\":[\"https:\/\/www.facebook.com\/Wippo.Team\/\",\"https:\/\/twitter.com\/WippoIt\",\"https:\/\/www.instagram.com\/wippo.it\/\",\"https:\/\/www.linkedin.com\/company\/wippo-it\/\"]}]}<\/script>\n<!-- \/ Yoast SEO plugin. -->","yoast_head_json":{"title":"Despre compenia WIPPO IT in Moldova, Danemarca, Insulele Feroe","description":"Wippo IT \u0219i-a \u00eenceput activitatea \u00een 2011. Ofer\u0103 servicii de dezvoltare web, crearea aplica\u021bii mobile, servicii de automatizare a proceselor de afaceri","robots":{"index":"index","follow":"follow","max-snippet":"max-snippet:-1","max-image-preview":"max-image-preview:large","max-video-preview":"max-video-preview:-1"},"canonical":"https:\/\/www.wippo.md\/ro\/despre-noi\/","og_locale":"ro_RO","og_type":"article","og_title":"Despre compenia WIPPO IT in Moldova, Danemarca, Insulele Feroe","og_description":"Wippo IT \u0219i-a \u00eenceput activitatea \u00een 2011. Ofer\u0103 servicii de dezvoltare web, crearea aplica\u021bii mobile, servicii de automatizare a proceselor de afaceri","og_url":"https:\/\/www.wippo.md\/ro\/despre-noi\/","og_site_name":"WIPPO IT","article_publisher":"https:\/\/www.facebook.com\/Wippo.Team\/","article_modified_time":"2021-12-10T14:37:28+00:00","twitter_card":"summary_large_image","twitter_site":"@WippoIt","schema":{"@context":"https:\/\/schema.org","@graph":[{"@type":"WebPage","@id":"https:\/\/www.wippo.md\/ro\/despre-noi\/","url":"https:\/\/www.wippo.md\/ro\/despre-noi\/","name":"Despre compenia WIPPO IT in Moldova, Danemarca, Insulele Feroe","isPartOf":{"@id":"https:\/\/www.wippo.md\/ru\/#website"},"datePublished":"2021-07-15T10:13:50+00:00","dateModified":"2021-12-10T14:37:28+00:00","description":"Wippo IT \u0219i-a \u00eenceput activitatea \u00een 2011. Ofer\u0103 servicii de dezvoltare web, crearea aplica\u021bii mobile, servicii de automatizare a proceselor de afaceri","inLanguage":"ro-RO","potentialAction":[{"@type":"ReadAction","target":["https:\/\/www.wippo.md\/ro\/despre-noi\/"]}]},{"@type":"WebSite","@id":"https:\/\/www.wippo.md\/ru\/#website","url":"https:\/\/www.wippo.md\/ru\/","name":"WIPPO IT","description":"We make it work","publisher":{"@id":"https:\/\/www.wippo.md\/ru\/#organization"},"potentialAction":[{"@type":"SearchAction","target":{"@type":"EntryPoint","urlTemplate":"https:\/\/www.wippo.md\/ru\/?s={search_term_string}"},"query-input":"required name=search_term_string"}],"inLanguage":"ro-RO"},{"@type":"Organization","@id":"https:\/\/www.wippo.md\/ru\/#organization","name":"Wippo IT","url":"https:\/\/www.wippo.md\/ru\/","logo":{"@type":"ImageObject","inLanguage":"ro-RO","@id":"https:\/\/www.wippo.md\/ru\/#\/schema\/logo\/image\/","url":"https:\/\/www.wippo.md\/wp-content\/uploads\/2018\/07\/logo-e1531397950307.png","contentUrl":"https:\/\/www.wippo.md\/wp-content\/uploads\/2018\/07\/logo-e1531397950307.png","width":120,"height":120,"caption":"Wippo IT"},"image":{"@id":"https:\/\/www.wippo.md\/ru\/#\/schema\/logo\/image\/"},"sameAs":["https:\/\/www.facebook.com\/Wippo.Team\/","https:\/\/twitter.com\/WippoIt","https:\/\/www.instagram.com\/wippo.it\/","https:\/\/www.linkedin.com\/company\/wippo-it\/"]}]}},"_links":{"self":[{"href":"https:\/\/www.wippo.md\/ro\/wp-json\/wp\/v2\/pages\/1029"}],"collection":[{"href":"https:\/\/www.wippo.md\/ro\/wp-json\/wp\/v2\/pages"}],"about":[{"href":"https:\/\/www.wippo.md\/ro\/wp-json\/wp\/v2\/types\/page"}],"author":[{"embeddable":true,"href":"https:\/\/www.wippo.md\/ro\/wp-json\/wp\/v2\/users\/3"}],"replies":[{"embeddable":true,"href":"https:\/\/www.wippo.md\/ro\/wp-json\/wp\/v2\/comments?post=1029"}],"version-history":[{"count":18,"href":"https:\/\/www.wippo.md\/ro\/wp-json\/wp\/v2\/pages\/1029\/revisions"}],"predecessor-version":[{"id":9229,"href":"https:\/\/www.wippo.md\/ro\/wp-json\/wp\/v2\/pages\/1029\/revisions\/9229"}],"wp:attachment":[{"href":"https:\/\/www.wippo.md\/ro\/wp-json\/wp\/v2\/media?parent=1029"}],"curies":[{"name":"wp","href":"https:\/\/api.w.org\/{rel}","templated":true}]}}