{"id":2211,"date":"2018-03-16T10:19:26","date_gmt":"2018-03-16T10:19:26","guid":{"rendered":"https:\/\/wippo.md\/?page_id=2211"},"modified":"2018-07-25T13:27:54","modified_gmt":"2018-07-25T13:27:54","slug":"solicitare-pret-elaborare-aplicatie-mobila","status":"publish","type":"page","link":"https:\/\/www.wippo.md\/ro\/solicitare-pret-elaborare-aplicatie-mobila\/","title":{"rendered":"Solicit\u0103 o estimare de pre\u021b pentru creare a unei aplicatii mobile!"},"content":{"rendered":"<p>Completeaz\u0103 c\u00e2mpurile de mai jos, pentru formarea ofertei preventive pentru proiectul dumneavoastr\u0103!<\/p>\n","protected":false},"excerpt":{"rendered":"<p>Completeaz\u0103 c\u00e2mpurile de mai jos, pentru formarea ofertei preventive pentru proiectul dumneavoastr\u0103!<\/p>\n","protected":false},"author":3,"featured_media":0,"parent":0,"menu_order":0,"comment_status":"closed","ping_status":"closed","template":"template-form-demonstratie-app.php","meta":[],"yoast_head":"<!-- This site is optimized with the Yoast SEO plugin v20.6 - https:\/\/yoast.com\/wordpress\/plugins\/seo\/ -->\n<title>Solicit\u0103 o estimare de pre\u021b pentru creare a unei aplicatii mobile! - WIPPO IT<\/title>\n<meta name=\"robots\" content=\"noindex, nofollow\" \/>\n<meta property=\"og:locale\" content=\"ro_RO\" \/>\n<meta property=\"og:type\" content=\"article\" \/>\n<meta property=\"og:title\" content=\"Solicit\u0103 o estimare de pre\u021b pentru creare a unei aplicatii mobile! - WIPPO IT\" \/>\n<meta property=\"og:description\" content=\"Completeaz\u0103 c\u00e2mpurile de mai jos, pentru formarea ofertei preventive pentru proiectul dumneavoastr\u0103!\" \/>\n<meta property=\"og:url\" content=\"https:\/\/www.wippo.md\/ro\/solicitare-pret-elaborare-aplicatie-mobila\/\" \/>\n<meta property=\"og:site_name\" content=\"WIPPO IT\" \/>\n<meta property=\"article:publisher\" content=\"https:\/\/www.facebook.com\/Wippo.Team\/\" \/>\n<meta property=\"article:modified_time\" content=\"2018-07-25T13:27:54+00:00\" \/>\n<meta name=\"twitter:card\" content=\"summary_large_image\" \/>\n<meta name=\"twitter:site\" content=\"@WippoIt\" \/>\n<script type=\"application\/ld+json\" class=\"yoast-schema-graph\">{\"@context\":\"https:\/\/schema.org\",\"@graph\":[{\"@type\":\"WebPage\",\"@id\":\"https:\/\/www.wippo.md\/ro\/solicitare-pret-elaborare-aplicatie-mobila\/\",\"url\":\"https:\/\/www.wippo.md\/ro\/solicitare-pret-elaborare-aplicatie-mobila\/\",\"name\":\"Solicit\u0103 o estimare de pre\u021b pentru creare a unei aplicatii mobile! - WIPPO IT\",\"isPartOf\":{\"@id\":\"https:\/\/www.wippo.md\/ru\/#website\"},\"datePublished\":\"2018-03-16T10:19:26+00:00\",\"dateModified\":\"2018-07-25T13:27:54+00:00\",\"inLanguage\":\"ro-RO\",\"potentialAction\":[{\"@type\":\"ReadAction\",\"target\":[\"https:\/\/www.wippo.md\/ro\/solicitare-pret-elaborare-aplicatie-mobila\/\"]}]},{\"@type\":\"WebSite\",\"@id\":\"https:\/\/www.wippo.md\/ru\/#website\",\"url\":\"https:\/\/www.wippo.md\/ru\/\",\"name\":\"WIPPO IT\",\"description\":\"We make it work\",\"publisher\":{\"@id\":\"https:\/\/www.wippo.md\/ru\/#organization\"},\"potentialAction\":[{\"@type\":\"SearchAction\",\"target\":{\"@type\":\"EntryPoint\",\"urlTemplate\":\"https:\/\/www.wippo.md\/ru\/?s={search_term_string}\"},\"query-input\":\"required name=search_term_string\"}],\"inLanguage\":\"ro-RO\"},{\"@type\":\"Organization\",\"@id\":\"https:\/\/www.wippo.md\/ru\/#organization\",\"name\":\"Wippo IT\",\"url\":\"https:\/\/www.wippo.md\/ru\/\",\"logo\":{\"@type\":\"ImageObject\",\"inLanguage\":\"ro-RO\",\"@id\":\"https:\/\/www.wippo.md\/ru\/#\/schema\/logo\/image\/\",\"url\":\"https:\/\/www.wippo.md\/wp-content\/uploads\/2018\/07\/logo-e1531397950307.png\",\"contentUrl\":\"https:\/\/www.wippo.md\/wp-content\/uploads\/2018\/07\/logo-e1531397950307.png\",\"width\":120,\"height\":120,\"caption\":\"Wippo IT\"},\"image\":{\"@id\":\"https:\/\/www.wippo.md\/ru\/#\/schema\/logo\/image\/\"},\"sameAs\":[\"https:\/\/www.facebook.com\/Wippo.Team\/\",\"https:\/\/twitter.com\/WippoIt\",\"https:\/\/www.instagram.com\/wippo.it\/\",\"https:\/\/www.linkedin.com\/company\/wippo-it\/\"]}]}<\/script>\n<!-- \/ Yoast SEO plugin. -->","yoast_head_json":{"title":"Solicit\u0103 o estimare de pre\u021b pentru creare a unei aplicatii mobile! - WIPPO IT","robots":{"index":"noindex","follow":"nofollow"},"og_locale":"ro_RO","og_type":"article","og_title":"Solicit\u0103 o estimare de pre\u021b pentru creare a unei aplicatii mobile! - WIPPO IT","og_description":"Completeaz\u0103 c\u00e2mpurile de mai jos, pentru formarea ofertei preventive pentru proiectul dumneavoastr\u0103!","og_url":"https:\/\/www.wippo.md\/ro\/solicitare-pret-elaborare-aplicatie-mobila\/","og_site_name":"WIPPO IT","article_publisher":"https:\/\/www.facebook.com\/Wippo.Team\/","article_modified_time":"2018-07-25T13:27:54+00:00","twitter_card":"summary_large_image","twitter_site":"@WippoIt","schema":{"@context":"https:\/\/schema.org","@graph":[{"@type":"WebPage","@id":"https:\/\/www.wippo.md\/ro\/solicitare-pret-elaborare-aplicatie-mobila\/","url":"https:\/\/www.wippo.md\/ro\/solicitare-pret-elaborare-aplicatie-mobila\/","name":"Solicit\u0103 o estimare de pre\u021b pentru creare a unei aplicatii mobile! - WIPPO IT","isPartOf":{"@id":"https:\/\/www.wippo.md\/ru\/#website"},"datePublished":"2018-03-16T10:19:26+00:00","dateModified":"2018-07-25T13:27:54+00:00","inLanguage":"ro-RO","potentialAction":[{"@type":"ReadAction","target":["https:\/\/www.wippo.md\/ro\/solicitare-pret-elaborare-aplicatie-mobila\/"]}]},{"@type":"WebSite","@id":"https:\/\/www.wippo.md\/ru\/#website","url":"https:\/\/www.wippo.md\/ru\/","name":"WIPPO IT","description":"We make it work","publisher":{"@id":"https:\/\/www.wippo.md\/ru\/#organization"},"potentialAction":[{"@type":"SearchAction","target":{"@type":"EntryPoint","urlTemplate":"https:\/\/www.wippo.md\/ru\/?s={search_term_string}"},"query-input":"required name=search_term_string"}],"inLanguage":"ro-RO"},{"@type":"Organization","@id":"https:\/\/www.wippo.md\/ru\/#organization","name":"Wippo IT","url":"https:\/\/www.wippo.md\/ru\/","logo":{"@type":"ImageObject","inLanguage":"ro-RO","@id":"https:\/\/www.wippo.md\/ru\/#\/schema\/logo\/image\/","url":"https:\/\/www.wippo.md\/wp-content\/uploads\/2018\/07\/logo-e1531397950307.png","contentUrl":"https:\/\/www.wippo.md\/wp-content\/uploads\/2018\/07\/logo-e1531397950307.png","width":120,"height":120,"caption":"Wippo IT"},"image":{"@id":"https:\/\/www.wippo.md\/ru\/#\/schema\/logo\/image\/"},"sameAs":["https:\/\/www.facebook.com\/Wippo.Team\/","https:\/\/twitter.com\/WippoIt","https:\/\/www.instagram.com\/wippo.it\/","https:\/\/www.linkedin.com\/company\/wippo-it\/"]}]}},"_links":{"self":[{"href":"https:\/\/www.wippo.md\/ro\/wp-json\/wp\/v2\/pages\/2211"}],"collection":[{"href":"https:\/\/www.wippo.md\/ro\/wp-json\/wp\/v2\/pages"}],"about":[{"href":"https:\/\/www.wippo.md\/ro\/wp-json\/wp\/v2\/types\/page"}],"author":[{"embeddable":true,"href":"https:\/\/www.wippo.md\/ro\/wp-json\/wp\/v2\/users\/3"}],"replies":[{"embeddable":true,"href":"https:\/\/www.wippo.md\/ro\/wp-json\/wp\/v2\/comments?post=2211"}],"version-history":[{"count":6,"href":"https:\/\/www.wippo.md\/ro\/wp-json\/wp\/v2\/pages\/2211\/revisions"}],"predecessor-version":[{"id":5333,"href":"https:\/\/www.wippo.md\/ro\/wp-json\/wp\/v2\/pages\/2211\/revisions\/5333"}],"wp:attachment":[{"href":"https:\/\/www.wippo.md\/ro\/wp-json\/wp\/v2\/media?parent=2211"}],"curies":[{"name":"wp","href":"https:\/\/api.w.org\/{rel}","templated":true}]}}