{"id":5221,"date":"2018-07-24T07:53:07","date_gmt":"2018-07-24T07:53:07","guid":{"rendered":"https:\/\/wippo.md\/?page_id=5221"},"modified":"2018-07-24T07:53:21","modified_gmt":"2018-07-24T07:53:21","slug":"descarca-prezentare-sfa","status":"publish","type":"page","link":"https:\/\/www.wippo.md\/ro\/descarca-prezentare-sfa\/","title":{"rendered":"Descarc\u0103 prezentarea solu\u021biilor Wippo IT!"},"content":{"rendered":"<p>Completeaz\u0103 formularul de mai jos pentru a primi \u00een c\u00e2teva minute prezentarea solicitat\u0103 pe e-mail. Prezentarea va con<span class=\"highlightedLayerContent\" data-color-group=\"turquoise\">\u021b<\/span>ine informa<span class=\"highlightedLayerContent\" data-color-group=\"turquoise\">\u021b<\/span>ii despre companie \u0219i detalii desf\u0103\u0219urate despre solu<span class=\"highlightedLayerContent\" data-color-group=\"turquoise\">\u021b<\/span>iile Wippo IT.<\/p>\n","protected":false},"excerpt":{"rendered":"<p>Completeaz\u0103 formularul de mai jos pentru a primi \u00een c\u00e2teva minute prezentarea solicitat\u0103 pe e-mail. Prezentarea va con\u021bine informa\u021bii despre [&hellip;]<\/p>\n","protected":false},"author":3,"featured_media":0,"parent":0,"menu_order":0,"comment_status":"closed","ping_status":"closed","template":"template-form-solutii.php","meta":[],"yoast_head":"<!-- This site is optimized with the Yoast SEO plugin v20.6 - https:\/\/yoast.com\/wordpress\/plugins\/seo\/ -->\n<title>Descarc\u0103 prezentarea solu\u021biilor Wippo IT! - WIPPO IT<\/title>\n<meta name=\"robots\" content=\"index, follow, max-snippet:-1, max-image-preview:large, max-video-preview:-1\" \/>\n<link rel=\"canonical\" href=\"https:\/\/www.wippo.md\/ro\/descarca-prezentare-sfa\/\" \/>\n<meta property=\"og:locale\" content=\"ro_RO\" \/>\n<meta property=\"og:type\" content=\"article\" \/>\n<meta property=\"og:title\" content=\"Descarc\u0103 prezentarea solu\u021biilor Wippo IT! - WIPPO IT\" \/>\n<meta property=\"og:description\" content=\"Completeaz\u0103 formularul de mai jos pentru a primi \u00een c\u00e2teva minute prezentarea solicitat\u0103 pe e-mail. Prezentarea va con\u021bine informa\u021bii despre [&hellip;]\" \/>\n<meta property=\"og:url\" content=\"https:\/\/www.wippo.md\/ro\/descarca-prezentare-sfa\/\" \/>\n<meta property=\"og:site_name\" content=\"WIPPO IT\" \/>\n<meta property=\"article:publisher\" content=\"https:\/\/www.facebook.com\/Wippo.Team\/\" \/>\n<meta property=\"article:modified_time\" content=\"2018-07-24T07:53:21+00:00\" \/>\n<meta name=\"twitter:card\" content=\"summary_large_image\" \/>\n<meta name=\"twitter:site\" content=\"@WippoIt\" \/>\n<script type=\"application\/ld+json\" class=\"yoast-schema-graph\">{\"@context\":\"https:\/\/schema.org\",\"@graph\":[{\"@type\":\"WebPage\",\"@id\":\"https:\/\/www.wippo.md\/ro\/descarca-prezentare-sfa\/\",\"url\":\"https:\/\/www.wippo.md\/ro\/descarca-prezentare-sfa\/\",\"name\":\"Descarc\u0103 prezentarea solu\u021biilor Wippo IT! - WIPPO IT\",\"isPartOf\":{\"@id\":\"https:\/\/www.wippo.md\/ru\/#website\"},\"datePublished\":\"2018-07-24T07:53:07+00:00\",\"dateModified\":\"2018-07-24T07:53:21+00:00\",\"inLanguage\":\"ro-RO\",\"potentialAction\":[{\"@type\":\"ReadAction\",\"target\":[\"https:\/\/www.wippo.md\/ro\/descarca-prezentare-sfa\/\"]}]},{\"@type\":\"WebSite\",\"@id\":\"https:\/\/www.wippo.md\/ru\/#website\",\"url\":\"https:\/\/www.wippo.md\/ru\/\",\"name\":\"WIPPO IT\",\"description\":\"We make it work\",\"publisher\":{\"@id\":\"https:\/\/www.wippo.md\/ru\/#organization\"},\"potentialAction\":[{\"@type\":\"SearchAction\",\"target\":{\"@type\":\"EntryPoint\",\"urlTemplate\":\"https:\/\/www.wippo.md\/ru\/?s={search_term_string}\"},\"query-input\":\"required name=search_term_string\"}],\"inLanguage\":\"ro-RO\"},{\"@type\":\"Organization\",\"@id\":\"https:\/\/www.wippo.md\/ru\/#organization\",\"name\":\"Wippo IT\",\"url\":\"https:\/\/www.wippo.md\/ru\/\",\"logo\":{\"@type\":\"ImageObject\",\"inLanguage\":\"ro-RO\",\"@id\":\"https:\/\/www.wippo.md\/ru\/#\/schema\/logo\/image\/\",\"url\":\"https:\/\/www.wippo.md\/wp-content\/uploads\/2018\/07\/logo-e1531397950307.png\",\"contentUrl\":\"https:\/\/www.wippo.md\/wp-content\/uploads\/2018\/07\/logo-e1531397950307.png\",\"width\":120,\"height\":120,\"caption\":\"Wippo IT\"},\"image\":{\"@id\":\"https:\/\/www.wippo.md\/ru\/#\/schema\/logo\/image\/\"},\"sameAs\":[\"https:\/\/www.facebook.com\/Wippo.Team\/\",\"https:\/\/twitter.com\/WippoIt\",\"https:\/\/www.instagram.com\/wippo.it\/\",\"https:\/\/www.linkedin.com\/company\/wippo-it\/\"]}]}<\/script>\n<!-- \/ Yoast SEO plugin. -->","yoast_head_json":{"title":"Descarc\u0103 prezentarea solu\u021biilor Wippo IT! - WIPPO IT","robots":{"index":"index","follow":"follow","max-snippet":"max-snippet:-1","max-image-preview":"max-image-preview:large","max-video-preview":"max-video-preview:-1"},"canonical":"https:\/\/www.wippo.md\/ro\/descarca-prezentare-sfa\/","og_locale":"ro_RO","og_type":"article","og_title":"Descarc\u0103 prezentarea solu\u021biilor Wippo IT! - WIPPO IT","og_description":"Completeaz\u0103 formularul de mai jos pentru a primi \u00een c\u00e2teva minute prezentarea solicitat\u0103 pe e-mail. Prezentarea va con\u021bine informa\u021bii despre [&hellip;]","og_url":"https:\/\/www.wippo.md\/ro\/descarca-prezentare-sfa\/","og_site_name":"WIPPO IT","article_publisher":"https:\/\/www.facebook.com\/Wippo.Team\/","article_modified_time":"2018-07-24T07:53:21+00:00","twitter_card":"summary_large_image","twitter_site":"@WippoIt","schema":{"@context":"https:\/\/schema.org","@graph":[{"@type":"WebPage","@id":"https:\/\/www.wippo.md\/ro\/descarca-prezentare-sfa\/","url":"https:\/\/www.wippo.md\/ro\/descarca-prezentare-sfa\/","name":"Descarc\u0103 prezentarea solu\u021biilor Wippo IT! - WIPPO IT","isPartOf":{"@id":"https:\/\/www.wippo.md\/ru\/#website"},"datePublished":"2018-07-24T07:53:07+00:00","dateModified":"2018-07-24T07:53:21+00:00","inLanguage":"ro-RO","potentialAction":[{"@type":"ReadAction","target":["https:\/\/www.wippo.md\/ro\/descarca-prezentare-sfa\/"]}]},{"@type":"WebSite","@id":"https:\/\/www.wippo.md\/ru\/#website","url":"https:\/\/www.wippo.md\/ru\/","name":"WIPPO IT","description":"We make it work","publisher":{"@id":"https:\/\/www.wippo.md\/ru\/#organization"},"potentialAction":[{"@type":"SearchAction","target":{"@type":"EntryPoint","urlTemplate":"https:\/\/www.wippo.md\/ru\/?s={search_term_string}"},"query-input":"required name=search_term_string"}],"inLanguage":"ro-RO"},{"@type":"Organization","@id":"https:\/\/www.wippo.md\/ru\/#organization","name":"Wippo IT","url":"https:\/\/www.wippo.md\/ru\/","logo":{"@type":"ImageObject","inLanguage":"ro-RO","@id":"https:\/\/www.wippo.md\/ru\/#\/schema\/logo\/image\/","url":"https:\/\/www.wippo.md\/wp-content\/uploads\/2018\/07\/logo-e1531397950307.png","contentUrl":"https:\/\/www.wippo.md\/wp-content\/uploads\/2018\/07\/logo-e1531397950307.png","width":120,"height":120,"caption":"Wippo IT"},"image":{"@id":"https:\/\/www.wippo.md\/ru\/#\/schema\/logo\/image\/"},"sameAs":["https:\/\/www.facebook.com\/Wippo.Team\/","https:\/\/twitter.com\/WippoIt","https:\/\/www.instagram.com\/wippo.it\/","https:\/\/www.linkedin.com\/company\/wippo-it\/"]}]}},"_links":{"self":[{"href":"https:\/\/www.wippo.md\/ro\/wp-json\/wp\/v2\/pages\/5221"}],"collection":[{"href":"https:\/\/www.wippo.md\/ro\/wp-json\/wp\/v2\/pages"}],"about":[{"href":"https:\/\/www.wippo.md\/ro\/wp-json\/wp\/v2\/types\/page"}],"author":[{"embeddable":true,"href":"https:\/\/www.wippo.md\/ro\/wp-json\/wp\/v2\/users\/3"}],"replies":[{"embeddable":true,"href":"https:\/\/www.wippo.md\/ro\/wp-json\/wp\/v2\/comments?post=5221"}],"version-history":[{"count":2,"href":"https:\/\/www.wippo.md\/ro\/wp-json\/wp\/v2\/pages\/5221\/revisions"}],"predecessor-version":[{"id":5223,"href":"https:\/\/www.wippo.md\/ro\/wp-json\/wp\/v2\/pages\/5221\/revisions\/5223"}],"wp:attachment":[{"href":"https:\/\/www.wippo.md\/ro\/wp-json\/wp\/v2\/media?parent=5221"}],"curies":[{"name":"wp","href":"https:\/\/api.w.org\/{rel}","templated":true}]}}