{"id":7712,"date":"2019-05-27T17:24:18","date_gmt":"2019-05-27T14:24:18","guid":{"rendered":"https:\/\/www.wippo.md\/?page_id=7712"},"modified":"2020-06-23T17:23:44","modified_gmt":"2020-06-23T14:23:44","slug":"cariera","status":"publish","type":"page","link":"https:\/\/www.wippo.md\/ro\/cariera\/","title":{"rendered":"Carier\u0103"},"content":{"rendered":"<p>[vc_row][vc_column][vc_column_text]Suntem \u00een permanent\u0103 c\u0103utare de talente al c\u0103ror poten\u021bial \u0219i importan\u021b\u0103 s\u0103 o putem valorifica. Suntem deschi\u0219i s\u0103 \u00eemp\u0103rt\u0103\u0219im experien\u021ba noastr\u0103 at\u00e2t cu noi angaja\u021bi, c\u00e2t \u0219i cu clien\u021bii no\u0219tri, astfel \u00eenc\u00e2t \u00eempreun\u0103 s\u0103 cre\u0103m ceea ce noi numim o istorie de succes.[\/vc_column_text][\/vc_column][\/vc_row][vc_row css=&#8221;.vc_custom_1562230335247{margin-bottom: 30px !important;border-bottom-width: 1px !important;border-bottom-color: #eeeeee !important;border-bottom-style: solid !important;}&#8221;][vc_column width=&#8221;2\/3&#8243;][vc_column_text]<\/p>\n<h2>PHP \/ ReactJS developer<\/h2>\n<p>[\/vc_column_text][\/vc_column][vc_column width=&#8221;1\/3&#8243;][vc_btn title=&#8221;Detalii&#8221; align=&#8221;right&#8221; link=&#8221;url:https%3A%2F%2Fwww.wippo.md%2Fcariera%2Fphp-full-stack-developer%2F|title:PHP%20%2F%20full-stack%20developer||&#8221;][\/vc_column][\/vc_row][vc_row css=&#8221;.vc_custom_1562230351352{margin-bottom: 30px !important;border-bottom-width: 1px !important;border-bottom-color: #eeeeee !important;border-bottom-style: solid !important;}&#8221;][vc_column width=&#8221;2\/3&#8243;][vc_column_text]<\/p>\n<h2>Front-End Developer<\/h2>\n<p>[\/vc_column_text][\/vc_column][vc_column width=&#8221;1\/3&#8243;][vc_btn title=&#8221;Detalii&#8221; align=&#8221;right&#8221; link=&#8221;url:https%3A%2F%2Fwww.wippo.md%2Fcariera%2Ffront-end-developer%2F|title:Web%20developer||&#8221;][\/vc_column][\/vc_row][vc_row css=&#8221;.vc_custom_1562230368116{margin-bottom: 30px !important;border-bottom-width: 1px !important;border-bottom-color: #eeeeee !important;border-bottom-style: solid !important;}&#8221;][vc_column width=&#8221;2\/3&#8243;][vc_column_text]<\/p>\n<h2>Project Manager<\/h2>\n<p>[\/vc_column_text][\/vc_column][vc_column width=&#8221;1\/3&#8243;][vc_btn title=&#8221;Detalii&#8221; align=&#8221;right&#8221; link=&#8221;url:https%3A%2F%2Fwww.wippo.md%2Fcariera%2Fproject-manager%2F|title:Project%20Manager||&#8221;][\/vc_column][\/vc_row][vc_row css=&#8221;.vc_custom_1562230360400{margin-bottom: 30px !important;border-bottom-width: 1px !important;border-bottom-color: #eeeeee !important;border-bottom-style: solid !important;}&#8221;][vc_column width=&#8221;2\/3&#8243;][vc_column_text]<\/p>\n<h2>Android Developer<\/h2>\n<p>[\/vc_column_text][\/vc_column][vc_column width=&#8221;1\/3&#8243;][vc_btn title=&#8221;Detalii&#8221; align=&#8221;right&#8221; link=&#8221;url:https%3A%2F%2Fwww.wippo.md%2Fcariera%2Fandroid-developer%2F|title:Android%20Developer||&#8221;][\/vc_column][\/vc_row]<\/p>\n","protected":false},"excerpt":{"rendered":"<p>[vc_row][vc_column][vc_column_text]Suntem \u00een permanent\u0103 c\u0103utare de talente al c\u0103ror poten\u021bial \u0219i importan\u021b\u0103 s\u0103 o putem valorifica. Suntem deschi\u0219i s\u0103 \u00eemp\u0103rt\u0103\u0219im experien\u021ba [&hellip;]<\/p>\n","protected":false},"author":2,"featured_media":0,"parent":0,"menu_order":0,"comment_status":"closed","ping_status":"closed","template":"","meta":[],"yoast_head":"<!-- This site is optimized with the Yoast SEO plugin v20.6 - https:\/\/yoast.com\/wordpress\/plugins\/seo\/ -->\n<title>Carier\u0103 - WIPPO IT<\/title>\n<meta name=\"robots\" content=\"index, follow, max-snippet:-1, max-image-preview:large, max-video-preview:-1\" \/>\n<link rel=\"canonical\" href=\"https:\/\/www.wippo.md\/ro\/cariera\/\" \/>\n<meta property=\"og:locale\" content=\"ro_RO\" \/>\n<meta property=\"og:type\" content=\"article\" \/>\n<meta property=\"og:title\" content=\"Carier\u0103 - WIPPO IT\" \/>\n<meta property=\"og:description\" content=\"[vc_row][vc_column][vc_column_text]Suntem \u00een permanent\u0103 c\u0103utare de talente al c\u0103ror poten\u021bial \u0219i importan\u021b\u0103 s\u0103 o putem valorifica. Suntem deschi\u0219i s\u0103 \u00eemp\u0103rt\u0103\u0219im experien\u021ba [&hellip;]\" \/>\n<meta property=\"og:url\" content=\"https:\/\/www.wippo.md\/ro\/cariera\/\" \/>\n<meta property=\"og:site_name\" content=\"WIPPO IT\" \/>\n<meta property=\"article:publisher\" content=\"https:\/\/www.facebook.com\/Wippo.Team\/\" \/>\n<meta property=\"article:modified_time\" content=\"2020-06-23T14:23:44+00:00\" \/>\n<meta name=\"twitter:card\" content=\"summary_large_image\" \/>\n<meta name=\"twitter:site\" content=\"@WippoIt\" \/>\n<script type=\"application\/ld+json\" class=\"yoast-schema-graph\">{\"@context\":\"https:\/\/schema.org\",\"@graph\":[{\"@type\":\"WebPage\",\"@id\":\"https:\/\/www.wippo.md\/ro\/cariera\/\",\"url\":\"https:\/\/www.wippo.md\/ro\/cariera\/\",\"name\":\"Carier\u0103 - WIPPO IT\",\"isPartOf\":{\"@id\":\"https:\/\/www.wippo.md\/ru\/#website\"},\"datePublished\":\"2019-05-27T14:24:18+00:00\",\"dateModified\":\"2020-06-23T14:23:44+00:00\",\"inLanguage\":\"ro-RO\",\"potentialAction\":[{\"@type\":\"ReadAction\",\"target\":[\"https:\/\/www.wippo.md\/ro\/cariera\/\"]}]},{\"@type\":\"WebSite\",\"@id\":\"https:\/\/www.wippo.md\/ru\/#website\",\"url\":\"https:\/\/www.wippo.md\/ru\/\",\"name\":\"WIPPO IT\",\"description\":\"We make it work\",\"publisher\":{\"@id\":\"https:\/\/www.wippo.md\/ru\/#organization\"},\"potentialAction\":[{\"@type\":\"SearchAction\",\"target\":{\"@type\":\"EntryPoint\",\"urlTemplate\":\"https:\/\/www.wippo.md\/ru\/?s={search_term_string}\"},\"query-input\":\"required name=search_term_string\"}],\"inLanguage\":\"ro-RO\"},{\"@type\":\"Organization\",\"@id\":\"https:\/\/www.wippo.md\/ru\/#organization\",\"name\":\"Wippo IT\",\"url\":\"https:\/\/www.wippo.md\/ru\/\",\"logo\":{\"@type\":\"ImageObject\",\"inLanguage\":\"ro-RO\",\"@id\":\"https:\/\/www.wippo.md\/ru\/#\/schema\/logo\/image\/\",\"url\":\"https:\/\/www.wippo.md\/wp-content\/uploads\/2018\/07\/logo-e1531397950307.png\",\"contentUrl\":\"https:\/\/www.wippo.md\/wp-content\/uploads\/2018\/07\/logo-e1531397950307.png\",\"width\":120,\"height\":120,\"caption\":\"Wippo IT\"},\"image\":{\"@id\":\"https:\/\/www.wippo.md\/ru\/#\/schema\/logo\/image\/\"},\"sameAs\":[\"https:\/\/www.facebook.com\/Wippo.Team\/\",\"https:\/\/twitter.com\/WippoIt\",\"https:\/\/www.instagram.com\/wippo.it\/\",\"https:\/\/www.linkedin.com\/company\/wippo-it\/\"]}]}<\/script>\n<!-- \/ Yoast SEO plugin. -->","yoast_head_json":{"title":"Carier\u0103 - WIPPO IT","robots":{"index":"index","follow":"follow","max-snippet":"max-snippet:-1","max-image-preview":"max-image-preview:large","max-video-preview":"max-video-preview:-1"},"canonical":"https:\/\/www.wippo.md\/ro\/cariera\/","og_locale":"ro_RO","og_type":"article","og_title":"Carier\u0103 - WIPPO IT","og_description":"[vc_row][vc_column][vc_column_text]Suntem \u00een permanent\u0103 c\u0103utare de talente al c\u0103ror poten\u021bial \u0219i importan\u021b\u0103 s\u0103 o putem valorifica. Suntem deschi\u0219i s\u0103 \u00eemp\u0103rt\u0103\u0219im experien\u021ba [&hellip;]","og_url":"https:\/\/www.wippo.md\/ro\/cariera\/","og_site_name":"WIPPO IT","article_publisher":"https:\/\/www.facebook.com\/Wippo.Team\/","article_modified_time":"2020-06-23T14:23:44+00:00","twitter_card":"summary_large_image","twitter_site":"@WippoIt","schema":{"@context":"https:\/\/schema.org","@graph":[{"@type":"WebPage","@id":"https:\/\/www.wippo.md\/ro\/cariera\/","url":"https:\/\/www.wippo.md\/ro\/cariera\/","name":"Carier\u0103 - WIPPO IT","isPartOf":{"@id":"https:\/\/www.wippo.md\/ru\/#website"},"datePublished":"2019-05-27T14:24:18+00:00","dateModified":"2020-06-23T14:23:44+00:00","inLanguage":"ro-RO","potentialAction":[{"@type":"ReadAction","target":["https:\/\/www.wippo.md\/ro\/cariera\/"]}]},{"@type":"WebSite","@id":"https:\/\/www.wippo.md\/ru\/#website","url":"https:\/\/www.wippo.md\/ru\/","name":"WIPPO IT","description":"We make it work","publisher":{"@id":"https:\/\/www.wippo.md\/ru\/#organization"},"potentialAction":[{"@type":"SearchAction","target":{"@type":"EntryPoint","urlTemplate":"https:\/\/www.wippo.md\/ru\/?s={search_term_string}"},"query-input":"required name=search_term_string"}],"inLanguage":"ro-RO"},{"@type":"Organization","@id":"https:\/\/www.wippo.md\/ru\/#organization","name":"Wippo IT","url":"https:\/\/www.wippo.md\/ru\/","logo":{"@type":"ImageObject","inLanguage":"ro-RO","@id":"https:\/\/www.wippo.md\/ru\/#\/schema\/logo\/image\/","url":"https:\/\/www.wippo.md\/wp-content\/uploads\/2018\/07\/logo-e1531397950307.png","contentUrl":"https:\/\/www.wippo.md\/wp-content\/uploads\/2018\/07\/logo-e1531397950307.png","width":120,"height":120,"caption":"Wippo IT"},"image":{"@id":"https:\/\/www.wippo.md\/ru\/#\/schema\/logo\/image\/"},"sameAs":["https:\/\/www.facebook.com\/Wippo.Team\/","https:\/\/twitter.com\/WippoIt","https:\/\/www.instagram.com\/wippo.it\/","https:\/\/www.linkedin.com\/company\/wippo-it\/"]}]}},"_links":{"self":[{"href":"https:\/\/www.wippo.md\/ro\/wp-json\/wp\/v2\/pages\/7712"}],"collection":[{"href":"https:\/\/www.wippo.md\/ro\/wp-json\/wp\/v2\/pages"}],"about":[{"href":"https:\/\/www.wippo.md\/ro\/wp-json\/wp\/v2\/types\/page"}],"author":[{"embeddable":true,"href":"https:\/\/www.wippo.md\/ro\/wp-json\/wp\/v2\/users\/2"}],"replies":[{"embeddable":true,"href":"https:\/\/www.wippo.md\/ro\/wp-json\/wp\/v2\/comments?post=7712"}],"version-history":[{"count":20,"href":"https:\/\/www.wippo.md\/ro\/wp-json\/wp\/v2\/pages\/7712\/revisions"}],"predecessor-version":[{"id":8000,"href":"https:\/\/www.wippo.md\/ro\/wp-json\/wp\/v2\/pages\/7712\/revisions\/8000"}],"wp:attachment":[{"href":"https:\/\/www.wippo.md\/ro\/wp-json\/wp\/v2\/media?parent=7712"}],"curies":[{"name":"wp","href":"https:\/\/api.w.org\/{rel}","templated":true}]}}