{"id":7737,"date":"2019-05-27T17:45:04","date_gmt":"2019-05-27T14:45:04","guid":{"rendered":"https:\/\/www.wippo.md\/?page_id=7737"},"modified":"2020-06-23T17:21:09","modified_gmt":"2020-06-23T14:21:09","slug":"php-full-stack-developer","status":"publish","type":"page","link":"https:\/\/www.wippo.md\/ro\/cariera\/php-full-stack-developer\/","title":{"rendered":"PHP \/ React JS developer"},"content":{"rendered":"<p>[vc_row css=&#8221;.vc_custom_1560932356474{padding-bottom: 60px !important;background-position: 0 0 !important;background-repeat: no-repeat !important;}&#8221;][vc_column][vc_single_image image=&#8221;7990&#8243; img_size=&#8221;large&#8221;][vc_column_text]<\/p>\n<h3>Compania angajeaz\u0103\u00a0\u00a0<strong>PHP\/ReactJS<\/strong>\u00a0Developer cu experien\u021b\u0103 minim\u0103 de 2 ani \u00eentr-un\u00a0<strong>proiect de lung\u0103 durat\u0103!<\/strong><\/h3>\n<p><strong>Cuno\u0219tin\u021be necesare:<\/strong><br \/>\n&#8211; PHP (OOP, MVC)<br \/>\n&#8211; MySQL<br \/>\n&#8211; JS\/ES7<br \/>\n&#8211; GIT<br \/>\n&#8211; ReactJS<\/p>\n<p><strong>Noi oferim:<\/strong><br \/>\n&#8211; Angajare oficial\u0103<br \/>\n&#8211; Graficul de lucru: 5 zile \u00een s\u0103pt\u0103m\u00e2n\u0103<br \/>\n&#8211; Dezvoltare profesional\u0103<br \/>\n&#8211; Team Building<\/p>\n<p>&nbsp;<\/p>\n<p><strong>V\u0103 rug\u0103m s\u0103 expedia\u021bi CV-ul la adresa:\u00a0<a href=\"mailto:hr@wippo.ro\">hr@wippo.ro<\/a>\u00a0 \u00a0<\/strong><br \/>\nsau[\/vc_column_text][vc_btn title=&#8221;Trimite\u021bi un CV&#8221; link=&#8221;url:https%3A%2F%2Fwww.wippo.md%2Fjob-request%2F|title:Job%20request||&#8221;][\/vc_column][\/vc_row]<\/p>\n","protected":false},"excerpt":{"rendered":"<p>[vc_row css=&#8221;.vc_custom_1560932356474{padding-bottom: 60px !important;background-position: 0 0 !important;background-repeat: no-repeat !important;}&#8221;][vc_column][vc_single_image image=&#8221;7990&#8243; img_size=&#8221;large&#8221;][vc_column_text] Compania angajeaz\u0103\u00a0\u00a0PHP\/ReactJS\u00a0Developer cu experien\u021b\u0103 minim\u0103 de 2 ani \u00eentr-un\u00a0proiect [&hellip;]<\/p>\n","protected":false},"author":2,"featured_media":0,"parent":7712,"menu_order":0,"comment_status":"closed","ping_status":"closed","template":"","meta":[],"yoast_head":"<!-- This site is optimized with the Yoast SEO plugin v20.6 - https:\/\/yoast.com\/wordpress\/plugins\/seo\/ -->\n<title>PHP \/ React JS developer - WIPPO IT<\/title>\n<meta name=\"robots\" content=\"index, follow, max-snippet:-1, max-image-preview:large, max-video-preview:-1\" \/>\n<link rel=\"canonical\" href=\"https:\/\/www.wippo.md\/ro\/cariera\/php-full-stack-developer\/\" \/>\n<meta property=\"og:locale\" content=\"ro_RO\" \/>\n<meta property=\"og:type\" content=\"article\" \/>\n<meta property=\"og:title\" content=\"PHP \/ React JS developer - WIPPO IT\" \/>\n<meta property=\"og:description\" content=\"[vc_row css=&#8221;.vc_custom_1560932356474{padding-bottom: 60px !important;background-position: 0 0 !important;background-repeat: no-repeat !important;}&#8221;][vc_column][vc_single_image image=&#8221;7990&#8243; img_size=&#8221;large&#8221;][vc_column_text] Compania angajeaz\u0103\u00a0\u00a0PHP\/ReactJS\u00a0Developer cu experien\u021b\u0103 minim\u0103 de 2 ani \u00eentr-un\u00a0proiect [&hellip;]\" \/>\n<meta property=\"og:url\" content=\"https:\/\/www.wippo.md\/ro\/cariera\/php-full-stack-developer\/\" \/>\n<meta property=\"og:site_name\" content=\"WIPPO IT\" \/>\n<meta property=\"article:publisher\" content=\"https:\/\/www.facebook.com\/Wippo.Team\/\" \/>\n<meta property=\"article:modified_time\" content=\"2020-06-23T14:21:09+00:00\" \/>\n<meta name=\"twitter:card\" content=\"summary_large_image\" \/>\n<meta name=\"twitter:site\" content=\"@WippoIt\" \/>\n<script type=\"application\/ld+json\" class=\"yoast-schema-graph\">{\"@context\":\"https:\/\/schema.org\",\"@graph\":[{\"@type\":\"WebPage\",\"@id\":\"https:\/\/www.wippo.md\/ro\/cariera\/php-full-stack-developer\/\",\"url\":\"https:\/\/www.wippo.md\/ro\/cariera\/php-full-stack-developer\/\",\"name\":\"PHP \/ React JS developer - WIPPO IT\",\"isPartOf\":{\"@id\":\"https:\/\/www.wippo.md\/ru\/#website\"},\"datePublished\":\"2019-05-27T14:45:04+00:00\",\"dateModified\":\"2020-06-23T14:21:09+00:00\",\"breadcrumb\":{\"@id\":\"https:\/\/www.wippo.md\/ro\/cariera\/php-full-stack-developer\/#breadcrumb\"},\"inLanguage\":\"ro-RO\",\"potentialAction\":[{\"@type\":\"ReadAction\",\"target\":[\"https:\/\/www.wippo.md\/ro\/cariera\/php-full-stack-developer\/\"]}]},{\"@type\":\"BreadcrumbList\",\"@id\":\"https:\/\/www.wippo.md\/ro\/cariera\/php-full-stack-developer\/#breadcrumb\",\"itemListElement\":[{\"@type\":\"ListItem\",\"position\":1,\"name\":\"Carier\u0103\",\"item\":\"https:\/\/www.wippo.md\/ro\/cariera\/\"},{\"@type\":\"ListItem\",\"position\":2,\"name\":\"PHP \/ React JS developer\"}]},{\"@type\":\"WebSite\",\"@id\":\"https:\/\/www.wippo.md\/ru\/#website\",\"url\":\"https:\/\/www.wippo.md\/ru\/\",\"name\":\"WIPPO IT\",\"description\":\"We make it work\",\"publisher\":{\"@id\":\"https:\/\/www.wippo.md\/ru\/#organization\"},\"potentialAction\":[{\"@type\":\"SearchAction\",\"target\":{\"@type\":\"EntryPoint\",\"urlTemplate\":\"https:\/\/www.wippo.md\/ru\/?s={search_term_string}\"},\"query-input\":\"required name=search_term_string\"}],\"inLanguage\":\"ro-RO\"},{\"@type\":\"Organization\",\"@id\":\"https:\/\/www.wippo.md\/ru\/#organization\",\"name\":\"Wippo IT\",\"url\":\"https:\/\/www.wippo.md\/ru\/\",\"logo\":{\"@type\":\"ImageObject\",\"inLanguage\":\"ro-RO\",\"@id\":\"https:\/\/www.wippo.md\/ru\/#\/schema\/logo\/image\/\",\"url\":\"https:\/\/www.wippo.md\/wp-content\/uploads\/2018\/07\/logo-e1531397950307.png\",\"contentUrl\":\"https:\/\/www.wippo.md\/wp-content\/uploads\/2018\/07\/logo-e1531397950307.png\",\"width\":120,\"height\":120,\"caption\":\"Wippo IT\"},\"image\":{\"@id\":\"https:\/\/www.wippo.md\/ru\/#\/schema\/logo\/image\/\"},\"sameAs\":[\"https:\/\/www.facebook.com\/Wippo.Team\/\",\"https:\/\/twitter.com\/WippoIt\",\"https:\/\/www.instagram.com\/wippo.it\/\",\"https:\/\/www.linkedin.com\/company\/wippo-it\/\"]}]}<\/script>\n<!-- \/ Yoast SEO plugin. -->","yoast_head_json":{"title":"PHP \/ React JS developer - WIPPO IT","robots":{"index":"index","follow":"follow","max-snippet":"max-snippet:-1","max-image-preview":"max-image-preview:large","max-video-preview":"max-video-preview:-1"},"canonical":"https:\/\/www.wippo.md\/ro\/cariera\/php-full-stack-developer\/","og_locale":"ro_RO","og_type":"article","og_title":"PHP \/ React JS developer - WIPPO IT","og_description":"[vc_row css=&#8221;.vc_custom_1560932356474{padding-bottom: 60px !important;background-position: 0 0 !important;background-repeat: no-repeat !important;}&#8221;][vc_column][vc_single_image image=&#8221;7990&#8243; img_size=&#8221;large&#8221;][vc_column_text] Compania angajeaz\u0103\u00a0\u00a0PHP\/ReactJS\u00a0Developer cu experien\u021b\u0103 minim\u0103 de 2 ani \u00eentr-un\u00a0proiect [&hellip;]","og_url":"https:\/\/www.wippo.md\/ro\/cariera\/php-full-stack-developer\/","og_site_name":"WIPPO IT","article_publisher":"https:\/\/www.facebook.com\/Wippo.Team\/","article_modified_time":"2020-06-23T14:21:09+00:00","twitter_card":"summary_large_image","twitter_site":"@WippoIt","schema":{"@context":"https:\/\/schema.org","@graph":[{"@type":"WebPage","@id":"https:\/\/www.wippo.md\/ro\/cariera\/php-full-stack-developer\/","url":"https:\/\/www.wippo.md\/ro\/cariera\/php-full-stack-developer\/","name":"PHP \/ React JS developer - WIPPO IT","isPartOf":{"@id":"https:\/\/www.wippo.md\/ru\/#website"},"datePublished":"2019-05-27T14:45:04+00:00","dateModified":"2020-06-23T14:21:09+00:00","breadcrumb":{"@id":"https:\/\/www.wippo.md\/ro\/cariera\/php-full-stack-developer\/#breadcrumb"},"inLanguage":"ro-RO","potentialAction":[{"@type":"ReadAction","target":["https:\/\/www.wippo.md\/ro\/cariera\/php-full-stack-developer\/"]}]},{"@type":"BreadcrumbList","@id":"https:\/\/www.wippo.md\/ro\/cariera\/php-full-stack-developer\/#breadcrumb","itemListElement":[{"@type":"ListItem","position":1,"name":"Carier\u0103","item":"https:\/\/www.wippo.md\/ro\/cariera\/"},{"@type":"ListItem","position":2,"name":"PHP \/ React JS developer"}]},{"@type":"WebSite","@id":"https:\/\/www.wippo.md\/ru\/#website","url":"https:\/\/www.wippo.md\/ru\/","name":"WIPPO IT","description":"We make it work","publisher":{"@id":"https:\/\/www.wippo.md\/ru\/#organization"},"potentialAction":[{"@type":"SearchAction","target":{"@type":"EntryPoint","urlTemplate":"https:\/\/www.wippo.md\/ru\/?s={search_term_string}"},"query-input":"required name=search_term_string"}],"inLanguage":"ro-RO"},{"@type":"Organization","@id":"https:\/\/www.wippo.md\/ru\/#organization","name":"Wippo IT","url":"https:\/\/www.wippo.md\/ru\/","logo":{"@type":"ImageObject","inLanguage":"ro-RO","@id":"https:\/\/www.wippo.md\/ru\/#\/schema\/logo\/image\/","url":"https:\/\/www.wippo.md\/wp-content\/uploads\/2018\/07\/logo-e1531397950307.png","contentUrl":"https:\/\/www.wippo.md\/wp-content\/uploads\/2018\/07\/logo-e1531397950307.png","width":120,"height":120,"caption":"Wippo IT"},"image":{"@id":"https:\/\/www.wippo.md\/ru\/#\/schema\/logo\/image\/"},"sameAs":["https:\/\/www.facebook.com\/Wippo.Team\/","https:\/\/twitter.com\/WippoIt","https:\/\/www.instagram.com\/wippo.it\/","https:\/\/www.linkedin.com\/company\/wippo-it\/"]}]}},"_links":{"self":[{"href":"https:\/\/www.wippo.md\/ro\/wp-json\/wp\/v2\/pages\/7737"}],"collection":[{"href":"https:\/\/www.wippo.md\/ro\/wp-json\/wp\/v2\/pages"}],"about":[{"href":"https:\/\/www.wippo.md\/ro\/wp-json\/wp\/v2\/types\/page"}],"author":[{"embeddable":true,"href":"https:\/\/www.wippo.md\/ro\/wp-json\/wp\/v2\/users\/2"}],"replies":[{"embeddable":true,"href":"https:\/\/www.wippo.md\/ro\/wp-json\/wp\/v2\/comments?post=7737"}],"version-history":[{"count":13,"href":"https:\/\/www.wippo.md\/ro\/wp-json\/wp\/v2\/pages\/7737\/revisions"}],"predecessor-version":[{"id":7995,"href":"https:\/\/www.wippo.md\/ro\/wp-json\/wp\/v2\/pages\/7737\/revisions\/7995"}],"up":[{"embeddable":true,"href":"https:\/\/www.wippo.md\/ro\/wp-json\/wp\/v2\/pages\/7712"}],"wp:attachment":[{"href":"https:\/\/www.wippo.md\/ro\/wp-json\/wp\/v2\/media?parent=7737"}],"curies":[{"name":"wp","href":"https:\/\/api.w.org\/{rel}","templated":true}]}}