{"id":7744,"date":"2019-06-03T14:24:55","date_gmt":"2019-06-03T11:24:55","guid":{"rendered":"https:\/\/www.wippo.md\/?page_id=7744"},"modified":"2022-05-06T12:22:13","modified_gmt":"2022-05-06T09:22:13","slug":"job-request","status":"publish","type":"page","link":"https:\/\/www.wippo.md\/ro\/cariera\/job-request\/","title":{"rendered":"Trimite CV"},"content":{"rendered":"\r\n<p>Suntem \u00een \u00a0permanent\u0103 c\u0103utare de talente al c\u0103ror poten\u021bial \u0219i importan\u021b\u0103 s\u0103 o putem valorifica. Suntem deschi\u0219i s\u0103 \u00eemp\u0103rt\u0103\u0219im experien\u021ba noastr\u0103 at\u00e2t cu noii angaja\u021bi, c\u00e2t \u0219i cu clien\u021bii no\u0219tri, astfel \u00eenc\u00e2t \u00eempreun\u0103 s\u0103 cre\u0103m ceea ce noi numim o istorie de succes.<\/p>\r\n","protected":false},"excerpt":{"rendered":"<p>Suntem \u00een \u00a0permanent\u0103 c\u0103utare de talente al c\u0103ror poten\u021bial \u0219i importan\u021b\u0103 s\u0103 o putem valorifica. Suntem deschi\u0219i s\u0103 \u00eemp\u0103rt\u0103\u0219im experien\u021ba [&hellip;]<\/p>\n","protected":false},"author":2,"featured_media":0,"parent":7712,"menu_order":0,"comment_status":"closed","ping_status":"closed","template":"template_job-request.php","meta":[],"yoast_head":"<!-- This site is optimized with the Yoast SEO plugin v20.6 - https:\/\/yoast.com\/wordpress\/plugins\/seo\/ -->\n<title>Trimite CV - WIPPO IT<\/title>\n<meta name=\"robots\" content=\"index, follow, max-snippet:-1, max-image-preview:large, max-video-preview:-1\" \/>\n<link rel=\"canonical\" href=\"https:\/\/www.wippo.md\/ro\/cariera\/job-request\/\" \/>\n<meta property=\"og:locale\" content=\"ro_RO\" \/>\n<meta property=\"og:type\" content=\"article\" \/>\n<meta property=\"og:title\" content=\"Trimite CV - WIPPO IT\" \/>\n<meta property=\"og:description\" content=\"Suntem \u00een \u00a0permanent\u0103 c\u0103utare de talente al c\u0103ror poten\u021bial \u0219i importan\u021b\u0103 s\u0103 o putem valorifica. Suntem deschi\u0219i s\u0103 \u00eemp\u0103rt\u0103\u0219im experien\u021ba [&hellip;]\" \/>\n<meta property=\"og:url\" content=\"https:\/\/www.wippo.md\/ro\/cariera\/job-request\/\" \/>\n<meta property=\"og:site_name\" content=\"WIPPO IT\" \/>\n<meta property=\"article:publisher\" content=\"https:\/\/www.facebook.com\/Wippo.Team\/\" \/>\n<meta property=\"article:modified_time\" content=\"2022-05-06T09:22:13+00:00\" \/>\n<meta name=\"twitter:card\" content=\"summary_large_image\" \/>\n<meta name=\"twitter:site\" content=\"@WippoIt\" \/>\n<script type=\"application\/ld+json\" class=\"yoast-schema-graph\">{\"@context\":\"https:\/\/schema.org\",\"@graph\":[{\"@type\":\"WebPage\",\"@id\":\"https:\/\/www.wippo.md\/ro\/cariera\/job-request\/\",\"url\":\"https:\/\/www.wippo.md\/ro\/cariera\/job-request\/\",\"name\":\"Trimite CV - WIPPO IT\",\"isPartOf\":{\"@id\":\"https:\/\/www.wippo.md\/ru\/#website\"},\"datePublished\":\"2019-06-03T11:24:55+00:00\",\"dateModified\":\"2022-05-06T09:22:13+00:00\",\"breadcrumb\":{\"@id\":\"https:\/\/www.wippo.md\/ro\/cariera\/job-request\/#breadcrumb\"},\"inLanguage\":\"ro-RO\",\"potentialAction\":[{\"@type\":\"ReadAction\",\"target\":[\"https:\/\/www.wippo.md\/ro\/cariera\/job-request\/\"]}]},{\"@type\":\"BreadcrumbList\",\"@id\":\"https:\/\/www.wippo.md\/ro\/cariera\/job-request\/#breadcrumb\",\"itemListElement\":[{\"@type\":\"ListItem\",\"position\":1,\"name\":\"Carier\u0103\",\"item\":\"https:\/\/www.wippo.md\/ro\/cariera\/\"},{\"@type\":\"ListItem\",\"position\":2,\"name\":\"Trimite CV\"}]},{\"@type\":\"WebSite\",\"@id\":\"https:\/\/www.wippo.md\/ru\/#website\",\"url\":\"https:\/\/www.wippo.md\/ru\/\",\"name\":\"WIPPO IT\",\"description\":\"We make it work\",\"publisher\":{\"@id\":\"https:\/\/www.wippo.md\/ru\/#organization\"},\"potentialAction\":[{\"@type\":\"SearchAction\",\"target\":{\"@type\":\"EntryPoint\",\"urlTemplate\":\"https:\/\/www.wippo.md\/ru\/?s={search_term_string}\"},\"query-input\":\"required name=search_term_string\"}],\"inLanguage\":\"ro-RO\"},{\"@type\":\"Organization\",\"@id\":\"https:\/\/www.wippo.md\/ru\/#organization\",\"name\":\"Wippo IT\",\"url\":\"https:\/\/www.wippo.md\/ru\/\",\"logo\":{\"@type\":\"ImageObject\",\"inLanguage\":\"ro-RO\",\"@id\":\"https:\/\/www.wippo.md\/ru\/#\/schema\/logo\/image\/\",\"url\":\"https:\/\/www.wippo.md\/wp-content\/uploads\/2018\/07\/logo-e1531397950307.png\",\"contentUrl\":\"https:\/\/www.wippo.md\/wp-content\/uploads\/2018\/07\/logo-e1531397950307.png\",\"width\":120,\"height\":120,\"caption\":\"Wippo IT\"},\"image\":{\"@id\":\"https:\/\/www.wippo.md\/ru\/#\/schema\/logo\/image\/\"},\"sameAs\":[\"https:\/\/www.facebook.com\/Wippo.Team\/\",\"https:\/\/twitter.com\/WippoIt\",\"https:\/\/www.instagram.com\/wippo.it\/\",\"https:\/\/www.linkedin.com\/company\/wippo-it\/\"]}]}<\/script>\n<!-- \/ Yoast SEO plugin. -->","yoast_head_json":{"title":"Trimite CV - WIPPO IT","robots":{"index":"index","follow":"follow","max-snippet":"max-snippet:-1","max-image-preview":"max-image-preview:large","max-video-preview":"max-video-preview:-1"},"canonical":"https:\/\/www.wippo.md\/ro\/cariera\/job-request\/","og_locale":"ro_RO","og_type":"article","og_title":"Trimite CV - WIPPO IT","og_description":"Suntem \u00een \u00a0permanent\u0103 c\u0103utare de talente al c\u0103ror poten\u021bial \u0219i importan\u021b\u0103 s\u0103 o putem valorifica. Suntem deschi\u0219i s\u0103 \u00eemp\u0103rt\u0103\u0219im experien\u021ba [&hellip;]","og_url":"https:\/\/www.wippo.md\/ro\/cariera\/job-request\/","og_site_name":"WIPPO IT","article_publisher":"https:\/\/www.facebook.com\/Wippo.Team\/","article_modified_time":"2022-05-06T09:22:13+00:00","twitter_card":"summary_large_image","twitter_site":"@WippoIt","schema":{"@context":"https:\/\/schema.org","@graph":[{"@type":"WebPage","@id":"https:\/\/www.wippo.md\/ro\/cariera\/job-request\/","url":"https:\/\/www.wippo.md\/ro\/cariera\/job-request\/","name":"Trimite CV - WIPPO IT","isPartOf":{"@id":"https:\/\/www.wippo.md\/ru\/#website"},"datePublished":"2019-06-03T11:24:55+00:00","dateModified":"2022-05-06T09:22:13+00:00","breadcrumb":{"@id":"https:\/\/www.wippo.md\/ro\/cariera\/job-request\/#breadcrumb"},"inLanguage":"ro-RO","potentialAction":[{"@type":"ReadAction","target":["https:\/\/www.wippo.md\/ro\/cariera\/job-request\/"]}]},{"@type":"BreadcrumbList","@id":"https:\/\/www.wippo.md\/ro\/cariera\/job-request\/#breadcrumb","itemListElement":[{"@type":"ListItem","position":1,"name":"Carier\u0103","item":"https:\/\/www.wippo.md\/ro\/cariera\/"},{"@type":"ListItem","position":2,"name":"Trimite CV"}]},{"@type":"WebSite","@id":"https:\/\/www.wippo.md\/ru\/#website","url":"https:\/\/www.wippo.md\/ru\/","name":"WIPPO IT","description":"We make it work","publisher":{"@id":"https:\/\/www.wippo.md\/ru\/#organization"},"potentialAction":[{"@type":"SearchAction","target":{"@type":"EntryPoint","urlTemplate":"https:\/\/www.wippo.md\/ru\/?s={search_term_string}"},"query-input":"required name=search_term_string"}],"inLanguage":"ro-RO"},{"@type":"Organization","@id":"https:\/\/www.wippo.md\/ru\/#organization","name":"Wippo IT","url":"https:\/\/www.wippo.md\/ru\/","logo":{"@type":"ImageObject","inLanguage":"ro-RO","@id":"https:\/\/www.wippo.md\/ru\/#\/schema\/logo\/image\/","url":"https:\/\/www.wippo.md\/wp-content\/uploads\/2018\/07\/logo-e1531397950307.png","contentUrl":"https:\/\/www.wippo.md\/wp-content\/uploads\/2018\/07\/logo-e1531397950307.png","width":120,"height":120,"caption":"Wippo IT"},"image":{"@id":"https:\/\/www.wippo.md\/ru\/#\/schema\/logo\/image\/"},"sameAs":["https:\/\/www.facebook.com\/Wippo.Team\/","https:\/\/twitter.com\/WippoIt","https:\/\/www.instagram.com\/wippo.it\/","https:\/\/www.linkedin.com\/company\/wippo-it\/"]}]}},"_links":{"self":[{"href":"https:\/\/www.wippo.md\/ro\/wp-json\/wp\/v2\/pages\/7744"}],"collection":[{"href":"https:\/\/www.wippo.md\/ro\/wp-json\/wp\/v2\/pages"}],"about":[{"href":"https:\/\/www.wippo.md\/ro\/wp-json\/wp\/v2\/types\/page"}],"author":[{"embeddable":true,"href":"https:\/\/www.wippo.md\/ro\/wp-json\/wp\/v2\/users\/2"}],"replies":[{"embeddable":true,"href":"https:\/\/www.wippo.md\/ro\/wp-json\/wp\/v2\/comments?post=7744"}],"version-history":[{"count":9,"href":"https:\/\/www.wippo.md\/ro\/wp-json\/wp\/v2\/pages\/7744\/revisions"}],"predecessor-version":[{"id":9236,"href":"https:\/\/www.wippo.md\/ro\/wp-json\/wp\/v2\/pages\/7744\/revisions\/9236"}],"up":[{"embeddable":true,"href":"https:\/\/www.wippo.md\/ro\/wp-json\/wp\/v2\/pages\/7712"}],"wp:attachment":[{"href":"https:\/\/www.wippo.md\/ro\/wp-json\/wp\/v2\/media?parent=7744"}],"curies":[{"name":"wp","href":"https:\/\/api.w.org\/{rel}","templated":true}]}}