{"id":8329,"date":"2021-01-15T08:49:45","date_gmt":"2021-01-15T06:49:45","guid":{"rendered":"https:\/\/www.wippo.md\/?page_id=8329"},"modified":"2021-10-05T18:25:15","modified_gmt":"2021-10-05T15:25:15","slug":"home-v2","status":"publish","type":"page","link":"https:\/\/www.wippo.md\/ro\/","title":{"rendered":"Acasa"},"content":{"rendered":"<p>[vc_row el_class=&#8221;home-services-block&#8221;][vc_column][vc_circle_services circle_center=&#8221;Produse \u0219i servicii&#8221; circle_1_title=&#8221;WEB&#8221; circle_1_subtitle_hover=&#8221;Dezvoltare WEB aplica\u021bii&#8221; circle_2_title=&#8221;Mobile&#8221; circle_2_subtitle_hover=&#8221;Aplica\u021bii mobile (iOS \u0219i Android)&#8221; circle_3_title=&#8221;SFA&#8221; circle_3_subtitle_hover=&#8221;Automatizarea for\u021bei de v\u00e2nzare&#8221; circle_4_title=&#8221;CRM&#8221; circle_4_subtitle_hover=&#8221;Sistem de management al rela\u021biilor cu clien\u021bii&#8221; circle_5_title=&#8221;WMS&#8221; circle_6_title=&#8221;TMS\/POD&#8221; circle_6_subtitle_hover=&#8221;Automatizarea proceselor de livrare&#8221; scroll_down_target=&#8221;scroll-here&#8221; circle_1_link=&#8221;19&#8243; circle_2_link=&#8221;866&#8243; circle_3_link=&#8221;13&#8243; circle_5_link=&#8221;#&#8221; circle_4_link=&#8221;7&#8243; circle_6_link=&#8221;17&#8243; circle_1_subtitle=&#8221;apps&#8221; circle_2_subtitle=&#8221;Apps&#8221; circle_5_subtitle_hover=&#8221;Sistem de gestionare a depozitelor&#8221;][\/vc_column][\/vc_row][vc_row full_width=&#8221;stretch_row&#8221; el_class=&#8221;home-soft-solution-bg&#8221; el_id=&#8221;scroll-here&#8221;][vc_column][vc_row_inner el_class=&#8221;container&#8221;][vc_column_inner][vc_column_text css=&#8221;.vc_custom_1633447504918{margin-bottom: 20px !important;}&#8221; el_class=&#8221;w-title-presentation&#8221;]<\/p>\n<h1 style=\"text-align: center;\">Solu\u021bii pentru afacerea Dvs.<\/h1>\n<p style=\"text-align: center;\">Cre\u0219te v\u00e2nz\u0103rile \u0219i productivitatea angaja\u021bilor cu ajutorul solu\u021biilor noastre (CRM Moldova, aplicatie mobila SFA, aplicatie mobila POD, <a href=\"https:\/\/www.wippo.md\/ro\/portfolio-category\/dezvoltare-web\/\">Elaborare website Chisinau<\/a>, Creare\u00a0<a href=\"https:\/\/www.wippo.md\/ro\/portfolio-category\/aplicatii-mobile\/\">Aplicatie mobila Android si iOS<\/a>)\u00a0simplu \u0219i eficient.<\/p>\n<p>[\/vc_column_text][\/vc_column_inner][\/vc_row_inner][vc_row_inner el_class=&#8221;container&#8221;][vc_column_inner width=&#8221;1\/3&#8243;][vc_solutions solution_number=&#8221;01&#8243; solution_title=&#8221;Complexitate&#8221; solution_description=&#8221;Oferim solu\u021bii software personalizate, complexe, inteligente \u0219i u\u0219or de utilizat pentru a spori eficien\u021ba afacerii Dumneavoastra.&#8221; solution_icon=&#8221;372&#8243;][\/vc_column_inner][vc_column_inner width=&#8221;1\/3&#8243;][vc_solutions solution_number=&#8221;02&#8243; solution_title=&#8221;Mentenan\u021b\u0103&#8221; solution_description=&#8221;Asigur\u0103m mentenan\u021b\u0103 \u0219i suport profesionist astfel \u00eenc\u00e2t toate produsele noastre software s\u0103 func\u021bioneze \u0219i s\u0103 corespund\u0103 necesit\u0103\u021bilor clien\u021bilor no\u0219tri.&#8221; solution_icon=&#8221;374&#8243;][\/vc_column_inner][vc_column_inner width=&#8221;1\/3&#8243;][vc_solutions solution_number=&#8221;03&#8243; solution_title=&#8221;Garan\u021bie&#8221; solution_description=&#8221;Oferim garan\u021bii pentru toate solu\u021biile software dezvoltate de noi, astfel \u00eenc\u00e2t clien\u021bii no\u0219tri se pot concentra exclusiv pe dezvoltarea propriilor afaceri.&#8221; solution_icon=&#8221;373&#8243;][\/vc_column_inner][\/vc_row_inner][vc_call_to_action cta_background=&#8221;2291&#8243; cta_class=&#8221;cta-home-solution-software&#8221; cta_link=&#8221;url:https%3A%2F%2Fwippo.md%2Fro%2Fcontacte%2F|title:Contacteaz%C4%83-ne%20acum|target:%20_blank|&#8221; cta_title=&#8221;Ai nevoie de solu\u021bii software complexe pentru afacerea ta?&#8221; cta_font_size=&#8221;20&#8243;]<\/p>\n<h4>Ai nevoie de solu\u021bii software complexe pentru afacerea ta?<\/h4>\n<p>[\/vc_call_to_action][\/vc_column][\/vc_row][vc_row][vc_column][vc_column_text el_class=&#8221;w-title-presentation&#8221;]<\/p>\n<h2 style=\"text-align: center;\">Solu\u021bii eficiente \u00een business-ul Dvs.<\/h2>\n<p style=\"text-align: center;\">Succesul clien\u021bilor no\u0219tri este succesul nostru. Facem tot posibilul pentru a ajuta afacerile clien\u021bilor s\u0103 prospere. Implement\u0103m produse software pe care le \u00eembun\u0103t\u0103\u021bim \u0219i adapt\u0103m \u00een permanen\u021b\u0103 astfel \u00eenc\u00e2t clien\u021bii no\u0219tri s\u0103 ob\u021bin\u0103 cele mai bune performan\u021be.<\/p>\n<p>[\/vc_column_text][vc_row_inner el_class=&#8221;container&#8221;][vc_column_inner width=&#8221;1\/3&#8243; css=&#8221;.vc_custom_1512132773976{padding-right: 15px !important;padding-left: 15px !important;}&#8221;][vc_feature feature_icon=&#8221;3292&#8243; feature_name=&#8221;Un partener care \u00een\u021belege afacerile&#8221;][\/vc_column_inner][vc_column_inner width=&#8221;1\/3&#8243;][vc_feature feature_icon=&#8221;3296&#8243; feature_name=&#8221;Exper\u021bi \u00een solu\u021bii software&#8221;][\/vc_column_inner][vc_column_inner width=&#8221;1\/3&#8243;][vc_feature feature_icon=&#8221;3426&#8243; feature_name=&#8221;Comunicare \u0219i servicii de calitate&#8221;][\/vc_column_inner][\/vc_row_inner][\/vc_column][\/vc_row][vc_row el_class=&#8221;home-recommendations-bg&#8221;][vc_column][vc_column_text el_class=&#8221;w-title-presentation&#8221;]<\/p>\n<h2 style=\"text-align: center;\">Recomand\u0103ri \u00een creare aplicatie mobila si elaborare website<\/h2>\n<p>[\/vc_column_text][vc_recommendations recommendations_group=&#8221;%5B%7B%22rec_style%22%3A%22rec_style_author_company%22%2C%22rec_name%22%3A%22Vrabii%20Andrei%22%2C%22rec_company_name%22%3A%22Carpeni%22%2C%22rec_picture%22%3A%223037%22%2C%22rec_logo%22%3A%222738%22%2C%22rec_function%22%3A%22Director%20Executiv%20SRL%20Carpeni%22%2C%22rec_motto%22%3A%22Companie%20de%20constructii%22%2C%22rec%22%3A%22Consider%C4%83m%20site-ul%20companiei%20un%20important%20canal%20de%20marketing%20ce%20asigur%C4%83%20comunicarea%20cu%20actualii%20dar%20%C8%99i%20cu%20viitorii%20clien%C8%9Bi%20ai%20companiei%2C%20de%20aceea%20pentru%20elaborarea%20lui%2C%20dup%C4%83%20lungi%20c%C4%83ut%C4%83ri%20am%20ales%20echipa%20Wippo%20IT.%20%C3%8En%20cei%20doi%20ani%20de%20colaborare%20au%20dat%20dovad%C4%83%20de%20profesionalism%20%C8%99i%20devotament%20indiferent%20de%20provoc%C4%83rile%20ce%20au%20ap%C4%83rut%20%C3%AEn%20cadrul%20colabor%C4%83rii.%20Echipa%20de%20design%20este%20una%20creativ%C4%83%2C%20capabil%C4%83%20s%C4%83%20ofere%20solu%C8%9Bii%20moderne.%20Rezultatul%20ob%C8%9Binut%20%C3%AEmbin%C4%83%20perfect%20u%C8%99urin%C8%9Ba%20utiliz%C4%83rii%20%C8%99i%20atractivitatea%20con%C8%9Binutului.%22%7D%2C%7B%22rec_style%22%3A%22rec_style_author_company%22%2C%22rec_name%22%3A%22Haret%20Andrei%22%2C%22rec_company_name%22%3A%22Tucano%20Coffee%22%2C%22rec_picture%22%3A%222740%22%2C%22rec_logo%22%3A%222741%22%2C%22rec_function%22%3A%22Director%20Marketing%2C%20Re%C8%9Beaua%20interna%C8%9Bional%C4%83%20%E2%80%9DTucano%20Coffee%E2%80%9D%22%2C%22rec_motto%22%3A%22Love.%20Peace.%20Coffee%22%2C%22rec%22%3A%22%E2%80%9DTimp%20de%203%20ani%2C%20am%20colaborat%20la%20mai%20multe%20proiecte%20cu%20echipa%20Wippo%2C%20%C8%99i%20de%20fiecare%20dat%C4%83%20am%20reu%C8%99it%20s%C4%83%20dezvolt%C4%83m%20produse%20calitative%20%C8%99i%20lansate%20%C3%AEn%20termenii%20prestabili%C8%9Bi.%E2%80%9D%22%7D%2C%7B%22rec_style%22%3A%22rec_style_author_company%22%2C%22rec_name%22%3A%22Olga%20Florea-Artin%20%22%2C%22rec_company_name%22%3A%22Dafnis%20Group%22%2C%22rec_picture%22%3A%222742%22%2C%22rec_logo%22%3A%222743%22%2C%22rec_function%22%3A%22Part%20of%20the%20Dafnis%20Group%20Management%20Team%22%2C%22rec_motto%22%3A%22profesionalism%2C%20unicitate%2C%20munc%C4%83%2C%20r%C4%83bdare%22%2C%22rec%22%3A%22%E2%80%9CV%C4%83%20mul%C8%9Bumim%20nespus%20de%20mult%20pentru%20profesionalismul%2C%20unicitatea%2C%20munca%2C%20r%C4%83bdarea%20%C8%99i%20%C3%AEn%C8%9Belegerea%20de%20care%20a%C8%9Bi%20dat%20dovad%C4%83%20de%20la%20bun%20%C3%AEnceput.%20A%C8%9Bi%20fost%20mereu%20prom%C8%9Bi%20la%20rezolvarea%20sesiz%C4%83rilor%20noastre%20venind%20cu%20solu%C8%9Bii%20de%20calitate.%20Recomand%C4%83m%20cu%20%C3%AEncredere%20Echipa%20Wippo%20IT%2C%20o%20echip%C4%83%20de%20tineri%20entuzia%C8%99ti%2C%20creativi%20%C8%99i%20profesioni%C8%99ti.%E2%80%9D%22%7D%2C%7B%22rec_style%22%3A%22rec_style_author_company%22%2C%22rec_name%22%3A%22Sorin%20Maslo%22%2C%22rec_company_name%22%3A%22Cricova%22%2C%22rec_picture%22%3A%223039%22%2C%22rec_logo%22%3A%222744%22%2C%22rec_function%22%3A%22Director%20comercial%20Combinatul%20de%20Vinuri%20%E2%80%9ECricova%E2%80%9D%22%2C%22rec%22%3A%22Numai%20bine!%5Cn%5Cn%C3%8En%20colaborare%20cu%20Wippo%20IT%20am%20reu%C5%9Fit%20s%C4%83%20implement%C4%83m%20cu%20succes%20site-ul%20www.cricova.md.%20Receptivitate%2C%20operativitate%20%C5%9Fi%20profesionalism%20sunt%20trei%20defeni%C5%A3ii%20care%20descriu%20echipa%20Wippo%20IT.%20Pe%20parcursul%20conlucr%C4%83ii%2C%20compania%20a%20reac%C5%A3ionat%20prompt%20la%20toate%20solicit%C4%83rile%2C%20reu%C5%9Find%20s%C4%83%20g%C4%83seasc%C4%83%20solu%C5%A3ii%20creative%20%C5%9Fi%20inovative%20pentru%20dezvoltarea%20paginii%20electronice%20a%20Combinatului%20de%20Vinuri%20%E2%80%9ECricova%E2%80%9D.%20Recomand%C4%83m%20cu%20%C3%AEncredre%20serviciile%20Wippo%20IT.%5Cn%22%7D%5D&#8221;][\/vc_column][\/vc_row][vc_row el_class=&#8221;home-last-news-row&#8221;][vc_column][vc_column_text el_class=&#8221;w-title-presentation&#8221;]<\/p>\n<h2 style=\"text-align: center;\">Ultimele articole<\/h2>\n<p>[\/vc_column_text][vc_news][\/vc_column][\/vc_row][vc_row el_class=&#8221;home-contact-bg&#8221;][vc_column][vc_column_text el_class=&#8221;w-title-presentation&#8221;]<\/p>\n<h2 style=\"text-align: center;\">Contacteaz\u0103-ne<\/h2>\n<p style=\"text-align: center;\">Suntem deschi\u0219i pentru colabor\u0103ri de dezvoltare solu\u021bii software \u0219i de optimizare a business procese precum: Dezvoltare site-uri WEB, creare aplicatie mobila, integrare aplicatie mobila sales force pentru agen\u021bi mobili, implementare sistem de gestiune rela\u021bii clien\u021bi, optimizare de procese \u0219i comunicare pentru expeditori.<\/p>\n<p>[\/vc_column_text][vc_row_inner el_class=&#8221;container&#8221;][vc_column_inner][vc_contact_2][\/vc_column_inner][\/vc_row_inner][\/vc_column][\/vc_row]<\/p>\n","protected":false},"excerpt":{"rendered":"<p>[vc_row el_class=&#8221;home-services-block&#8221;][vc_column][vc_circle_services circle_center=&#8221;Produse \u0219i servicii&#8221; circle_1_title=&#8221;WEB&#8221; circle_1_subtitle_hover=&#8221;Dezvoltare WEB aplica\u021bii&#8221; circle_2_title=&#8221;Mobile&#8221; circle_2_subtitle_hover=&#8221;Aplica\u021bii mobile (iOS \u0219i Android)&#8221; circle_3_title=&#8221;SFA&#8221; circle_3_subtitle_hover=&#8221;Automatizarea for\u021bei de v\u00e2nzare&#8221; [&hellip;]<\/p>\n","protected":false},"author":3,"featured_media":0,"parent":0,"menu_order":0,"comment_status":"closed","ping_status":"closed","template":"template-home_page.php","meta":[],"yoast_head":"<!-- This site is optimized with the Yoast SEO plugin v20.6 - https:\/\/yoast.com\/wordpress\/plugins\/seo\/ -->\n<title>Creare Aplicatie Mobila, Implementare CRM, Creare Website Chisinau<\/title>\n<meta name=\"description\" content=\"CRM Moldova, Aplicatie mobila SFA, Aplicatie Mobila POD, Creare aplicatie mobila, Creare Website-uri complexe. Chisinau, Moldova\" \/>\n<meta name=\"robots\" content=\"index, follow, max-snippet:-1, max-image-preview:large, max-video-preview:-1\" \/>\n<link rel=\"canonical\" href=\"https:\/\/www.wippo.md\/ro\/\" \/>\n<meta property=\"og:locale\" content=\"ro_RO\" \/>\n<meta property=\"og:type\" content=\"article\" \/>\n<meta property=\"og:title\" content=\"Creare Aplicatie Mobila, Implementare CRM, Creare Website Chisinau\" \/>\n<meta property=\"og:description\" content=\"CRM Moldova, Aplicatie mobila SFA, Aplicatie Mobila POD, Creare aplicatie mobila, Creare Website-uri complexe. Chisinau, Moldova\" \/>\n<meta property=\"og:url\" content=\"https:\/\/www.wippo.md\/ro\/\" \/>\n<meta property=\"og:site_name\" content=\"WIPPO IT\" \/>\n<meta property=\"article:publisher\" content=\"https:\/\/www.facebook.com\/Wippo.Team\/\" \/>\n<meta property=\"article:modified_time\" content=\"2021-10-05T15:25:15+00:00\" \/>\n<meta name=\"twitter:card\" content=\"summary_large_image\" \/>\n<meta name=\"twitter:site\" content=\"@WippoIt\" \/>\n<script type=\"application\/ld+json\" class=\"yoast-schema-graph\">{\"@context\":\"https:\/\/schema.org\",\"@graph\":[{\"@type\":\"WebPage\",\"@id\":\"https:\/\/www.wippo.md\/ro\/\",\"url\":\"https:\/\/www.wippo.md\/ro\/\",\"name\":\"Creare Aplicatie Mobila, Implementare CRM, Creare Website Chisinau\",\"isPartOf\":{\"@id\":\"https:\/\/www.wippo.md\/ru\/#website\"},\"datePublished\":\"2021-01-15T06:49:45+00:00\",\"dateModified\":\"2021-10-05T15:25:15+00:00\",\"description\":\"CRM Moldova, Aplicatie mobila SFA, Aplicatie Mobila POD, Creare aplicatie mobila, Creare Website-uri complexe. Chisinau, Moldova\",\"inLanguage\":\"ro-RO\",\"potentialAction\":[{\"@type\":\"ReadAction\",\"target\":[\"https:\/\/www.wippo.md\/ro\/\"]}]},{\"@type\":\"WebSite\",\"@id\":\"https:\/\/www.wippo.md\/ru\/#website\",\"url\":\"https:\/\/www.wippo.md\/ru\/\",\"name\":\"WIPPO IT\",\"description\":\"We make it work\",\"publisher\":{\"@id\":\"https:\/\/www.wippo.md\/ru\/#organization\"},\"potentialAction\":[{\"@type\":\"SearchAction\",\"target\":{\"@type\":\"EntryPoint\",\"urlTemplate\":\"https:\/\/www.wippo.md\/ru\/?s={search_term_string}\"},\"query-input\":\"required name=search_term_string\"}],\"inLanguage\":\"ro-RO\"},{\"@type\":\"Organization\",\"@id\":\"https:\/\/www.wippo.md\/ru\/#organization\",\"name\":\"Wippo IT\",\"url\":\"https:\/\/www.wippo.md\/ru\/\",\"logo\":{\"@type\":\"ImageObject\",\"inLanguage\":\"ro-RO\",\"@id\":\"https:\/\/www.wippo.md\/ru\/#\/schema\/logo\/image\/\",\"url\":\"https:\/\/www.wippo.md\/wp-content\/uploads\/2018\/07\/logo-e1531397950307.png\",\"contentUrl\":\"https:\/\/www.wippo.md\/wp-content\/uploads\/2018\/07\/logo-e1531397950307.png\",\"width\":120,\"height\":120,\"caption\":\"Wippo IT\"},\"image\":{\"@id\":\"https:\/\/www.wippo.md\/ru\/#\/schema\/logo\/image\/\"},\"sameAs\":[\"https:\/\/www.facebook.com\/Wippo.Team\/\",\"https:\/\/twitter.com\/WippoIt\",\"https:\/\/www.instagram.com\/wippo.it\/\",\"https:\/\/www.linkedin.com\/company\/wippo-it\/\"]}]}<\/script>\n<!-- \/ Yoast SEO plugin. -->","yoast_head_json":{"title":"Creare Aplicatie Mobila, Implementare CRM, Creare Website Chisinau","description":"CRM Moldova, Aplicatie mobila SFA, Aplicatie Mobila POD, Creare aplicatie mobila, Creare Website-uri complexe. Chisinau, Moldova","robots":{"index":"index","follow":"follow","max-snippet":"max-snippet:-1","max-image-preview":"max-image-preview:large","max-video-preview":"max-video-preview:-1"},"canonical":"https:\/\/www.wippo.md\/ro\/","og_locale":"ro_RO","og_type":"article","og_title":"Creare Aplicatie Mobila, Implementare CRM, Creare Website Chisinau","og_description":"CRM Moldova, Aplicatie mobila SFA, Aplicatie Mobila POD, Creare aplicatie mobila, Creare Website-uri complexe. Chisinau, Moldova","og_url":"https:\/\/www.wippo.md\/ro\/","og_site_name":"WIPPO IT","article_publisher":"https:\/\/www.facebook.com\/Wippo.Team\/","article_modified_time":"2021-10-05T15:25:15+00:00","twitter_card":"summary_large_image","twitter_site":"@WippoIt","schema":{"@context":"https:\/\/schema.org","@graph":[{"@type":"WebPage","@id":"https:\/\/www.wippo.md\/ro\/","url":"https:\/\/www.wippo.md\/ro\/","name":"Creare Aplicatie Mobila, Implementare CRM, Creare Website Chisinau","isPartOf":{"@id":"https:\/\/www.wippo.md\/ru\/#website"},"datePublished":"2021-01-15T06:49:45+00:00","dateModified":"2021-10-05T15:25:15+00:00","description":"CRM Moldova, Aplicatie mobila SFA, Aplicatie Mobila POD, Creare aplicatie mobila, Creare Website-uri complexe. Chisinau, Moldova","inLanguage":"ro-RO","potentialAction":[{"@type":"ReadAction","target":["https:\/\/www.wippo.md\/ro\/"]}]},{"@type":"WebSite","@id":"https:\/\/www.wippo.md\/ru\/#website","url":"https:\/\/www.wippo.md\/ru\/","name":"WIPPO IT","description":"We make it work","publisher":{"@id":"https:\/\/www.wippo.md\/ru\/#organization"},"potentialAction":[{"@type":"SearchAction","target":{"@type":"EntryPoint","urlTemplate":"https:\/\/www.wippo.md\/ru\/?s={search_term_string}"},"query-input":"required name=search_term_string"}],"inLanguage":"ro-RO"},{"@type":"Organization","@id":"https:\/\/www.wippo.md\/ru\/#organization","name":"Wippo IT","url":"https:\/\/www.wippo.md\/ru\/","logo":{"@type":"ImageObject","inLanguage":"ro-RO","@id":"https:\/\/www.wippo.md\/ru\/#\/schema\/logo\/image\/","url":"https:\/\/www.wippo.md\/wp-content\/uploads\/2018\/07\/logo-e1531397950307.png","contentUrl":"https:\/\/www.wippo.md\/wp-content\/uploads\/2018\/07\/logo-e1531397950307.png","width":120,"height":120,"caption":"Wippo IT"},"image":{"@id":"https:\/\/www.wippo.md\/ru\/#\/schema\/logo\/image\/"},"sameAs":["https:\/\/www.facebook.com\/Wippo.Team\/","https:\/\/twitter.com\/WippoIt","https:\/\/www.instagram.com\/wippo.it\/","https:\/\/www.linkedin.com\/company\/wippo-it\/"]}]}},"_links":{"self":[{"href":"https:\/\/www.wippo.md\/ro\/wp-json\/wp\/v2\/pages\/8329"}],"collection":[{"href":"https:\/\/www.wippo.md\/ro\/wp-json\/wp\/v2\/pages"}],"about":[{"href":"https:\/\/www.wippo.md\/ro\/wp-json\/wp\/v2\/types\/page"}],"author":[{"embeddable":true,"href":"https:\/\/www.wippo.md\/ro\/wp-json\/wp\/v2\/users\/3"}],"replies":[{"embeddable":true,"href":"https:\/\/www.wippo.md\/ro\/wp-json\/wp\/v2\/comments?post=8329"}],"version-history":[{"count":20,"href":"https:\/\/www.wippo.md\/ro\/wp-json\/wp\/v2\/pages\/8329\/revisions"}],"predecessor-version":[{"id":9132,"href":"https:\/\/www.wippo.md\/ro\/wp-json\/wp\/v2\/pages\/8329\/revisions\/9132"}],"wp:attachment":[{"href":"https:\/\/www.wippo.md\/ro\/wp-json\/wp\/v2\/media?parent=8329"}],"curies":[{"name":"wp","href":"https:\/\/api.w.org\/{rel}","templated":true}]}}