{"id":884,"date":"2021-07-15T12:17:00","date_gmt":"2021-07-15T09:17:00","guid":{"rendered":"https:\/\/wippo.md\/?page_id=884"},"modified":"2021-10-05T18:16:00","modified_gmt":"2021-10-05T15:16:00","slug":"crm-moldova","status":"publish","type":"page","link":"https:\/\/www.wippo.md\/ro\/crm-moldova\/","title":{"rendered":"CRM"},"content":{"rendered":"<p>[vc_row el_class=&#8221;wippo-crm-header&#8221;][vc_column][vc_column_text]<\/p>\n<h1 style=\"text-align: center;\">WIPPO <span style=\"color: #42a5f6;\">CRM Moldova<\/span><\/h1>\n<p>[\/vc_column_text][vc_row_inner el_class=&#8221;container&#8221;][vc_column_inner width=&#8221;1\/6&#8243;][\/vc_column_inner][vc_column_inner width=&#8221;2\/3&#8243;][vc_column_text]<\/p>\n<h4 style=\"text-align: center;\">Sistem de management al rela\u021biilor cu clien\u021bii<\/h4>\n<p style=\"text-align: center;\">Wippo CRM Moldova optimizeaz\u0103\u00a0toate procesele departamentelor de v\u00e2nz\u0103ri, marketing \u0219i suport clien\u0163i a unei companiei. Scopul implementarii a unui astfel de sistem este de a cre\u0219te v\u00e2nz\u0103rile, \u00eembun\u0103t\u0103\u021bi rela\u021biilor cu clien\u021bii \u0219i a spori productivitatea angaja\u021bilor.<\/p>\n<p>[\/vc_column_text][\/vc_column_inner][vc_column_inner width=&#8221;1\/6&#8243;][\/vc_column_inner][\/vc_row_inner][vc_row_inner el_class=&#8221;container&#8221;][vc_column_inner][vc_single_image image=&#8221;7240&#8243; img_size=&#8221;full&#8221; alignment=&#8221;center&#8221; css_animation=&#8221;none&#8221; el_class=&#8221;container&#8221;][\/vc_column_inner][\/vc_row_inner][vc_row_inner el_class=&#8221;container blur-box&#8221;][vc_column_inner width=&#8221;2\/3&#8243; offset=&#8221;vc_hidden-lg vc_hidden-md vc_hidden-sm vc_hidden-xs&#8221;][vc_column_text]<\/p>\n<h4>Descarc\u0103 prezentarea complet\u0103 a sistemului Wippo CRM<\/h4>\n<p>Softul Wippo CRM unific\u0103 toate procesele departamentelor de v\u00e2nz\u0103ri, marketing \u0219i suport clien\u0163i a unei companiei cu scopul de a cre\u0219te v\u00e2nz\u0103rile, \u00eembun\u0103t\u0103\u021bi rela\u021biilor cu clien\u021bii \u0219i a spori productivitatea angaja\u021bilor.[\/vc_column_text][\/vc_column_inner][vc_column_inner width=&#8221;1\/3&#8243; offset=&#8221;vc_hidden-lg vc_hidden-md vc_hidden-sm vc_hidden-xs&#8221;][vc_empty_space height=&#8221;15px&#8221;][vc_btn title=&#8221;Descarc\u0103 prezentarea!&#8221; align=&#8221;center&#8221; link=&#8221;url:https%3A%2F%2Fwippo.md%2Fdescarca-prezentare-crm%2F|||&#8221;][\/vc_column_inner][\/vc_row_inner][vc_call_to_action cta_link=&#8221;url:https%3A%2F%2Fwww.wippo.md%2Fro%2Fdescarca-prezentare-crm%2F|title:Descarc%C4%83%20prezentarea|target:%20_blank|&#8221; cta_class=&#8221;cts-crm-header&#8221; cta_title=&#8221;Descarc\u0103 prezentarea complet\u0103 a sistemului Wippo CRM&#8221; cta_font_size=&#8221;22&#8243;][\/vc_call_to_action][\/vc_column][\/vc_row][vc_row el_class=&#8221;container&#8221;][vc_column][vc_column_text el_class=&#8221;w-title-presentation&#8221;]<\/p>\n<h2 style=\"text-align: center;\">Func\u021bionalit\u0103\u021bi Wippo CRM<\/h2>\n<p style=\"text-align: center;\"><a href=\"https:\/\/www.wippo.md\/ce-este-un-crm-customer-relationship-mangement\/\">Wippo CRM Chisinau<\/a> poate automatiza toate procesele din interiorul companiei prin acumularea de informa\u0163ii complete, corecte \u015fi centralizate.<\/p>\n<p>[\/vc_column_text][vc_row_inner el_class=&#8221;container benificii_section&#8221;][vc_column_inner width=&#8221;1\/2&#8243; css=&#8221;.vc_custom_1510582563493{padding-right: 0px !important;padding-left: 0px !important;}&#8221;][vc_icon_text icon=&#8221;556&#8243; iccn=&#8221;214&#8243; title=&#8221;V\u00e2nz\u0103ri&#8221; link=&#8221;\/crm\/vanzari\/&#8221;]Posibilitatea de a urm\u0103ri departamentul de v\u00e2nz\u0103ri prin acumularea tuturor datelor \u00eentr-un singur sistem. Precum clientii potentiali, ofertele expediate, vizitele la clien\u021bi, contracte etc.[\/vc_icon_text][vc_icon_text icon=&#8221;558&#8243; iccn=&#8221;214&#8243; title=&#8221;Service \u0219i Suport&#8221; link=&#8221;\/crm\/service-si-suport\/&#8221;]<span data-sheets-value=\"{&quot;1&quot;:2,&quot;2&quot;:&quot;Automatizeaz\u0103 procedurile de interac\u021bionare a personalului cu clien\u021bii printr-un sistem eficient de solu\u021bionare a incidentelor \u0219i solicit\u0103rilor pentru a asigura un nivel ridicat de satisfac\u021bie a acestora.&quot;}\" data-sheets-userformat=\"{&quot;2&quot;:2945,&quot;3&quot;:[null,0],&quot;10&quot;:1,&quot;11&quot;:4,&quot;12&quot;:0,&quot;14&quot;:[null,2,4408131]}\">Automatizeaz\u0103 procedurile de interac\u021bionare a personalului cu clien\u021bii printr-un sistem eficient de solu\u021bionarea incidentelor \u0219i solicit\u0103rilor!<\/span>[\/vc_icon_text][\/vc_column_inner][vc_column_inner width=&#8221;1\/2&#8243; css=&#8221;.vc_custom_1510582559237{padding-right: 0px !important;padding-left: 0px !important;}&#8221;][vc_icon_text icon=&#8221;557&#8243; iccn=&#8221;214&#8243; title=&#8221;Marketing&#8221; link=&#8221;\/crm\/marketing\/&#8221;]O baz\u0103 de date unic\u0103 de clien\u021bi \u0219i prospec\u021bi grupa\u021bi dup\u0103 criterii personalizate! Lanseaz\u0103 campanii de marketing individuale, urm\u0103re\u0219te eficien\u021ba \u0219i rezultatele campaniilor de promovare.[\/vc_icon_text][vc_icon_text icon=&#8221;559&#8243; iccn=&#8221;214&#8243; title=&#8221;Analiz\u0103 \u0219i Raportare&#8221; link=&#8221;\/crm\/analiza-si-raportare\/&#8221;]<span data-sheets-value=\"{&quot;1&quot;:2,&quot;2&quot;:&quot;Posibilit\u0103\u021bi unice de planificare bugetar\u0103, analiz\u0103 \u0219i raportare a indicatorilor de performan\u021b\u0103 \u0219i aptitudine inteligent\u0103 de notificare automat\u0103 a factorului de decizie pentru eficientizarea proceselor.&quot;}\" data-sheets-userformat=\"{&quot;2&quot;:2945,&quot;3&quot;:[null,0],&quot;10&quot;:1,&quot;11&quot;:4,&quot;12&quot;:0,&quot;14&quot;:[null,2,4408131]}\">Posibilit\u0103\u021bi unice de planificare bugetar\u0103, analiz\u0103 \u0219i raportare a indicatorilor de performan\u021b\u0103. Aptitudine inteligent\u0103 de notificare automat\u0103 a factorului de decizie pentru eficientizarea proceselor.<\/span>[\/vc_icon_text][\/vc_column_inner][\/vc_row_inner][\/vc_column][\/vc_row][vc_row el_class=&#8221;crm-slider-background&#8221;][vc_column][vc_row_inner el_class=&#8221;container&#8221;][vc_column_inner][vc_column_text el_class=&#8221;w-title-presentation&#8221;]<\/p>\n<h2 style=\"text-align: center;\">Module Wippo CRM<\/h2>\n<p style=\"text-align: center;\"><span data-sheets-value=\"{&quot;1&quot;:2,&quot;2&quot;:&quot;Wippo CRM este un sistem de management a rela\u021biilor cu clien\u021bii ce poate fi u\u0219or adaptat conform necesit\u0103\u021bilor \u0219i proceselor unice de business a fiec\u0103rei companii. Acesta cuprinde urm\u0103toarele module de baz\u0103:&quot;}\" data-sheets-userformat=\"{&quot;2&quot;:771,&quot;3&quot;:[null,0],&quot;4&quot;:[null,2,16711680],&quot;11&quot;:4,&quot;12&quot;:0}\">Wippo CRM cuprinde urm\u0103toarele module standarte:<\/span><\/p>\n<p>[\/vc_column_text][vc_crm_slider][\/vc_column_inner][\/vc_row_inner][vc_call_to_action cta_link=&#8221;url:https%3A%2F%2Fwww.wippo.md%2Fro%2Fdescarca-prezentare-crm%2F|title:Descarc%C4%83%20prezentarea|target:%20_blank|&#8221; cta_class=&#8221;cts-crm-slider&#8221; cta_title=&#8221;Descarc\u0103 prezentarea complet\u0103 a sistemului Wippo CRM!&#8221; cta_font_size=&#8221;22&#8243;]Descarc\u0103 prezentarea![\/vc_call_to_action][\/vc_column][\/vc_row][vc_row el_class=&#8221;gradient_bg&#8221;][vc_column][vc_row_inner el_class=&#8221;container&#8221;][vc_column_inner][vc_column_text el_class=&#8221;w-title-presentation&#8221;]<\/p>\n<h2 style=\"text-align: center;\">Beneficii Wippo CRM<\/h2>\n<p style=\"text-align: center;\"><span data-sheets-value=\"{&quot;1&quot;:2,&quot;2&quot;:&quot;Sistemul de management al rela\u021biilor cu clien\u021bii Wippo CRM poate fi adaptat nevoilor individuale a fiec\u0103rei companii \u0219i \u00ee\u021bi ofer\u0103 posibilitatea a controla fiecare proces din cadrul acesteia.&quot;}\" data-sheets-userformat=\"{&quot;2&quot;:2947,&quot;3&quot;:[null,0],&quot;4&quot;:[null,2,16777215],&quot;10&quot;:1,&quot;11&quot;:4,&quot;12&quot;:0,&quot;14&quot;:[null,2,4408131]}\">Sistemul de management al rela\u021biilor cu clien\u021bii Wippo CRM poate fi adaptat nevoilor individuale a fiec\u0103rei companii \u0219i \u00ee\u021bi ofer\u0103 posibilitatea de a controla fiecare proces din cadrul acesteia.<\/span><\/p>\n<p>[\/vc_column_text][\/vc_column_inner][\/vc_row_inner][vc_row_inner el_class=&#8221;container wippo-benefits-section mobile-benefits-section&#8221; css=&#8221;.vc_custom_1529073353429{padding-bottom: 40px !important;}&#8221;][vc_column_inner width=&#8221;1\/3&#8243; css=&#8221;.vc_custom_1510582563493{padding-right: 0px !important;padding-left: 0px !important;}&#8221;][vc_benefits title=&#8221;Customizabil&#8221; link=&#8221;#&#8221; number=&#8221;01&#8243;]<span data-sheets-value=\"{&quot;1&quot;:2,&quot;2&quot;:&quot;Modulele sistemului WIPPO CRM sunt 100% customizabile \u0219i pot fi adaptate conform necesit\u0103\u021bilor \u0219i proceselor interne individuale a fiec\u0103rei companii.&quot;}\" data-sheets-userformat=\"{&quot;2&quot;:2945,&quot;3&quot;:[null,0],&quot;10&quot;:1,&quot;11&quot;:4,&quot;12&quot;:0,&quot;14&quot;:[null,2,4408131]}\">Modulele WIPPO CRM sunt 100% customizabile \u0219i pot fi adaptate conform necesit\u0103\u021bilor \u0219i proceselor interne a fiec\u0103rei companii.<\/span>[\/vc_benefits][\/vc_column_inner][vc_column_inner width=&#8221;1\/3&#8243; css=&#8221;.vc_custom_1510582559237{padding-right: 0px !important;padding-left: 0px !important;}&#8221;][vc_benefits title=&#8221;Sincronizabil&#8221; link=&#8221;#&#8221; number=&#8221;02&#8243;]<span data-sheets-value=\"{&quot;1&quot;:2,&quot;2&quot;:&quot;Softul WIPPO CRM poate fi sincronizat cu alte sisteme de gestionare a proceselor din interiorul companiei precum SFA, TMS; POD, Mobile APPS, WEB&quot;}\" data-sheets-userformat=\"{&quot;2&quot;:2945,&quot;3&quot;:[null,0],&quot;10&quot;:1,&quot;11&quot;:4,&quot;12&quot;:0,&quot;14&quot;:[null,2,4408131]}\">WIPPO CRM poate fi sincronizat cu alte sisteme de gestiune a proceselor din interiorul companiei precum Website, Aplica\u021bii mobile, 1C, UNIAC, SAP, etc.<\/span>[\/vc_benefits][\/vc_column_inner][vc_column_inner width=&#8221;1\/3&#8243;][vc_benefits title=&#8221;Urm\u0103rire \u0219i Control&#8221; link=&#8221;#&#8221; number=&#8221;03&#8243;] <span data-sheets-value=\"{&quot;1&quot;:2,&quot;2&quot;:&quot;Posibilitatea de a urm\u0103ri \u0219i controla toate procesele din interiorul companiei pentru a avea la \u00eendem\u00e2n\u0103 informa\u0163ii curente despre clien\u0163i \u015fi stagiul proceselor de v\u00e2nzare.&quot;}\" data-sheets-userformat=\"{&quot;2&quot;:2945,&quot;3&quot;:[null,0],&quot;10&quot;:1,&quot;11&quot;:4,&quot;12&quot;:0,&quot;14&quot;:[null,2,4408131]}\">Posibilitatea de a urm\u0103ri \u0219i controla toate procesele din interiorul companiei precum informa\u0163ii curente despre clien\u0163i \u015fi stagiul proceselor de v\u00e2nzare.<\/span> [\/vc_benefits][\/vc_column_inner][\/vc_row_inner][vc_row_inner el_class=&#8221;container wippo-benefits-section&#8221; css=&#8221;.vc_custom_1519473839660{padding-bottom: 40px !important;}&#8221;][vc_column_inner width=&#8221;1\/3&#8243; css=&#8221;.vc_custom_1510582563493{padding-right: 0px !important;padding-left: 0px !important;}&#8221;][vc_benefits title=&#8221;Analiz\u0103 \u0219i Raportare&#8221; link=&#8221;#&#8221; number=&#8221;04&#8243;]<span data-sheets-value=\"{&quot;1&quot;:2,&quot;2&quot;:&quot;Analiz\u0103 \u0219i raportare statistic\u0103 (grafic\u0103) pe fiecare departament sau proces din cadrul companiei pentru a urm\u0103ri targetele \u0219i \u00eembun\u0103t\u0103\u021bi procesul de v\u00e2nzare.&quot;}\" data-sheets-userformat=\"{&quot;2&quot;:2945,&quot;3&quot;:[null,0],&quot;10&quot;:1,&quot;11&quot;:4,&quot;12&quot;:0,&quot;14&quot;:[null,2,4408131]}\">Analiz\u0103 \u0219i raportare statistic\u0103 (grafic\u0103) pe fiecare departament sau proces din cadrul companiei pentru a urm\u0103ri targetele \u0219i \u00eembun\u0103t\u0103\u021bi procesul de v\u00e2nzare.<\/span>[\/vc_benefits][\/vc_column_inner][vc_column_inner width=&#8221;1\/3&#8243; css=&#8221;.vc_custom_1510582559237{padding-right: 0px !important;padding-left: 0px !important;}&#8221;][vc_benefits title=&#8221;Mobilitate&#8221; link=&#8221;#&#8221; number=&#8221;05&#8243;]<span data-sheets-value=\"{&quot;1&quot;:2,&quot;2&quot;:&quot;Sistemul Wippo CRM poate fi accesat de oriunde exist\u0103 conexiune la internet, de pe toate dispozitivele existente Desktop, Tablet\u0103 sau Mobil (Android, iOS)&quot;}\" data-sheets-userformat=\"{&quot;2&quot;:2945,&quot;3&quot;:[null,0],&quot;10&quot;:1,&quot;11&quot;:4,&quot;12&quot;:0,&quot;14&quot;:[null,2,4408131]}\">Sistemul Wippo CRM poate fi accesat de oriunde exist\u0103 conexiune la internet, de pe toate dispozitivele existente Desktop sau Tablet\u0103.<\/span>[\/vc_benefits][\/vc_column_inner][vc_column_inner width=&#8221;1\/3&#8243;][vc_benefits title=&#8221;Simplu de utilizat&#8221; link=&#8221;#&#8221; number=&#8221;06&#8243;]<span data-sheets-value=\"{&quot;1&quot;:2,&quot;2&quot;:&quot;Este un sistem complex cu func\u021bionalit\u0103\u021bi intuitive \u0219i simplu de utilizat pentru angaja\u021bi astfel \u00eenc\u00e2t ace\u0219tia s\u0103 dea randament maxim la locul de munc\u0103.&quot;}\" data-sheets-userformat=\"{&quot;2&quot;:2945,&quot;3&quot;:[null,0],&quot;10&quot;:1,&quot;11&quot;:4,&quot;12&quot;:0,&quot;14&quot;:[null,2,4408131]}\">Sistem complex cu func\u021bionalit\u0103\u021bi intuitive \u0219i simplu de utilizat pentru angaja\u021bi \u00eenc\u00e2t ace\u0219tia s\u0103 dea randament maxim la locul de munc\u0103.<\/span>[\/vc_benefits][\/vc_column_inner][\/vc_row_inner][\/vc_column][\/vc_row][vc_row css=&#8221;.vc_custom_1512651655194{padding-top: 20px !important;padding-bottom: 60px !important;}&#8221; el_class=&#8221;last-page-block&#8221;][vc_column width=&#8221;1\/6&#8243;][\/vc_column][vc_column width=&#8221;2\/3&#8243;][vc_column_text el_class=&#8221;w-title-presentation&#8221;]<\/p>\n<h2 style=\"text-align: center;\">Beneficiaz\u0103 de o demonstra\u021bie gratuit\u0103 a solu\u021biei Wippo CRM!<\/h2>\n<h4 style=\"text-align: center;\">Solicit\u0103 o demonstra\u021bie gratuit\u0103 a sistemului Wippo CRM \u0219i descoper\u0103 cum te poate ajuta \u00een optimizarea \u0219i eficientizarea proceselor din companie!<\/h4>\n<p>[\/vc_column_text][vc_btn title=&#8221;Solicit\u0103 o demonstra\u021bie!&#8221; align=&#8221;center&#8221; link=&#8221;url:https%3A%2F%2Fwippo.md%2Fro%2Fbeneficiaza-de-o-demonstratie-gratuita%2F%3Fselected%3Dcrm||target:%20_blank|&#8221;][\/vc_column][vc_column width=&#8221;1\/6&#8243;][\/vc_column][\/vc_row]<\/p>\n","protected":false},"excerpt":{"rendered":"<p>[vc_row el_class=&#8221;wippo-crm-header&#8221;][vc_column][vc_column_text] WIPPO CRM Moldova [\/vc_column_text][vc_row_inner el_class=&#8221;container&#8221;][vc_column_inner width=&#8221;1\/6&#8243;][\/vc_column_inner][vc_column_inner width=&#8221;2\/3&#8243;][vc_column_text] Sistem de management al rela\u021biilor cu clien\u021bii Wippo CRM Moldova optimizeaz\u0103\u00a0toate [&hellip;]<\/p>\n","protected":false},"author":3,"featured_media":0,"parent":0,"menu_order":0,"comment_status":"closed","ping_status":"closed","template":"template-full-width.php","meta":[],"yoast_head":"<!-- This site is optimized with the Yoast SEO plugin v20.6 - https:\/\/yoast.com\/wordpress\/plugins\/seo\/ -->\n<title>CRM Moldova - Managementul al rela\u021biilor cu clien\u021bii - Wippo IT Moldova<\/title>\n<meta name=\"description\" content=\"Wippo CRM Moldova unific\u0103 toate procesele departamentelor de v\u00e2nz\u0103ri, marketing \u0219i suport clien\u0163i a unei companiei cu scopul de a cre\u0219te v\u00e2nz\u0103rile.\" \/>\n<meta name=\"robots\" content=\"index, follow, max-snippet:-1, max-image-preview:large, max-video-preview:-1\" \/>\n<link rel=\"canonical\" href=\"https:\/\/www.wippo.md\/ro\/crm-moldova\/\" \/>\n<meta property=\"og:locale\" content=\"ro_RO\" \/>\n<meta property=\"og:type\" content=\"article\" \/>\n<meta property=\"og:title\" content=\"CRM Moldova - Managementul al rela\u021biilor cu clien\u021bii - Wippo IT Moldova\" \/>\n<meta property=\"og:description\" content=\"Wippo CRM Moldova unific\u0103 toate procesele departamentelor de v\u00e2nz\u0103ri, marketing \u0219i suport clien\u0163i a unei companiei cu scopul de a cre\u0219te v\u00e2nz\u0103rile.\" \/>\n<meta property=\"og:url\" content=\"https:\/\/www.wippo.md\/ro\/crm-moldova\/\" \/>\n<meta property=\"og:site_name\" content=\"WIPPO IT\" \/>\n<meta property=\"article:publisher\" content=\"https:\/\/www.facebook.com\/Wippo.Team\/\" \/>\n<meta property=\"article:modified_time\" content=\"2021-10-05T15:16:00+00:00\" \/>\n<meta name=\"twitter:card\" content=\"summary_large_image\" \/>\n<meta name=\"twitter:site\" content=\"@WippoIt\" \/>\n<script type=\"application\/ld+json\" class=\"yoast-schema-graph\">{\"@context\":\"https:\/\/schema.org\",\"@graph\":[{\"@type\":\"WebPage\",\"@id\":\"https:\/\/www.wippo.md\/ro\/crm-moldova\/\",\"url\":\"https:\/\/www.wippo.md\/ro\/crm-moldova\/\",\"name\":\"CRM Moldova - Managementul al rela\u021biilor cu clien\u021bii - Wippo IT Moldova\",\"isPartOf\":{\"@id\":\"https:\/\/www.wippo.md\/ru\/#website\"},\"datePublished\":\"2021-07-15T09:17:00+00:00\",\"dateModified\":\"2021-10-05T15:16:00+00:00\",\"description\":\"Wippo CRM Moldova unific\u0103 toate procesele departamentelor de v\u00e2nz\u0103ri, marketing \u0219i suport clien\u0163i a unei companiei cu scopul de a cre\u0219te v\u00e2nz\u0103rile.\",\"inLanguage\":\"ro-RO\",\"potentialAction\":[{\"@type\":\"ReadAction\",\"target\":[\"https:\/\/www.wippo.md\/ro\/crm-moldova\/\"]}]},{\"@type\":\"WebSite\",\"@id\":\"https:\/\/www.wippo.md\/ru\/#website\",\"url\":\"https:\/\/www.wippo.md\/ru\/\",\"name\":\"WIPPO IT\",\"description\":\"We make it work\",\"publisher\":{\"@id\":\"https:\/\/www.wippo.md\/ru\/#organization\"},\"potentialAction\":[{\"@type\":\"SearchAction\",\"target\":{\"@type\":\"EntryPoint\",\"urlTemplate\":\"https:\/\/www.wippo.md\/ru\/?s={search_term_string}\"},\"query-input\":\"required name=search_term_string\"}],\"inLanguage\":\"ro-RO\"},{\"@type\":\"Organization\",\"@id\":\"https:\/\/www.wippo.md\/ru\/#organization\",\"name\":\"Wippo IT\",\"url\":\"https:\/\/www.wippo.md\/ru\/\",\"logo\":{\"@type\":\"ImageObject\",\"inLanguage\":\"ro-RO\",\"@id\":\"https:\/\/www.wippo.md\/ru\/#\/schema\/logo\/image\/\",\"url\":\"https:\/\/www.wippo.md\/wp-content\/uploads\/2018\/07\/logo-e1531397950307.png\",\"contentUrl\":\"https:\/\/www.wippo.md\/wp-content\/uploads\/2018\/07\/logo-e1531397950307.png\",\"width\":120,\"height\":120,\"caption\":\"Wippo IT\"},\"image\":{\"@id\":\"https:\/\/www.wippo.md\/ru\/#\/schema\/logo\/image\/\"},\"sameAs\":[\"https:\/\/www.facebook.com\/Wippo.Team\/\",\"https:\/\/twitter.com\/WippoIt\",\"https:\/\/www.instagram.com\/wippo.it\/\",\"https:\/\/www.linkedin.com\/company\/wippo-it\/\"]}]}<\/script>\n<!-- \/ Yoast SEO plugin. -->","yoast_head_json":{"title":"CRM Moldova - Managementul al rela\u021biilor cu clien\u021bii - Wippo IT Moldova","description":"Wippo CRM Moldova unific\u0103 toate procesele departamentelor de v\u00e2nz\u0103ri, marketing \u0219i suport clien\u0163i a unei companiei cu scopul de a cre\u0219te v\u00e2nz\u0103rile.","robots":{"index":"index","follow":"follow","max-snippet":"max-snippet:-1","max-image-preview":"max-image-preview:large","max-video-preview":"max-video-preview:-1"},"canonical":"https:\/\/www.wippo.md\/ro\/crm-moldova\/","og_locale":"ro_RO","og_type":"article","og_title":"CRM Moldova - Managementul al rela\u021biilor cu clien\u021bii - Wippo IT Moldova","og_description":"Wippo CRM Moldova unific\u0103 toate procesele departamentelor de v\u00e2nz\u0103ri, marketing \u0219i suport clien\u0163i a unei companiei cu scopul de a cre\u0219te v\u00e2nz\u0103rile.","og_url":"https:\/\/www.wippo.md\/ro\/crm-moldova\/","og_site_name":"WIPPO IT","article_publisher":"https:\/\/www.facebook.com\/Wippo.Team\/","article_modified_time":"2021-10-05T15:16:00+00:00","twitter_card":"summary_large_image","twitter_site":"@WippoIt","schema":{"@context":"https:\/\/schema.org","@graph":[{"@type":"WebPage","@id":"https:\/\/www.wippo.md\/ro\/crm-moldova\/","url":"https:\/\/www.wippo.md\/ro\/crm-moldova\/","name":"CRM Moldova - Managementul al rela\u021biilor cu clien\u021bii - Wippo IT Moldova","isPartOf":{"@id":"https:\/\/www.wippo.md\/ru\/#website"},"datePublished":"2021-07-15T09:17:00+00:00","dateModified":"2021-10-05T15:16:00+00:00","description":"Wippo CRM Moldova unific\u0103 toate procesele departamentelor de v\u00e2nz\u0103ri, marketing \u0219i suport clien\u0163i a unei companiei cu scopul de a cre\u0219te v\u00e2nz\u0103rile.","inLanguage":"ro-RO","potentialAction":[{"@type":"ReadAction","target":["https:\/\/www.wippo.md\/ro\/crm-moldova\/"]}]},{"@type":"WebSite","@id":"https:\/\/www.wippo.md\/ru\/#website","url":"https:\/\/www.wippo.md\/ru\/","name":"WIPPO IT","description":"We make it work","publisher":{"@id":"https:\/\/www.wippo.md\/ru\/#organization"},"potentialAction":[{"@type":"SearchAction","target":{"@type":"EntryPoint","urlTemplate":"https:\/\/www.wippo.md\/ru\/?s={search_term_string}"},"query-input":"required name=search_term_string"}],"inLanguage":"ro-RO"},{"@type":"Organization","@id":"https:\/\/www.wippo.md\/ru\/#organization","name":"Wippo IT","url":"https:\/\/www.wippo.md\/ru\/","logo":{"@type":"ImageObject","inLanguage":"ro-RO","@id":"https:\/\/www.wippo.md\/ru\/#\/schema\/logo\/image\/","url":"https:\/\/www.wippo.md\/wp-content\/uploads\/2018\/07\/logo-e1531397950307.png","contentUrl":"https:\/\/www.wippo.md\/wp-content\/uploads\/2018\/07\/logo-e1531397950307.png","width":120,"height":120,"caption":"Wippo IT"},"image":{"@id":"https:\/\/www.wippo.md\/ru\/#\/schema\/logo\/image\/"},"sameAs":["https:\/\/www.facebook.com\/Wippo.Team\/","https:\/\/twitter.com\/WippoIt","https:\/\/www.instagram.com\/wippo.it\/","https:\/\/www.linkedin.com\/company\/wippo-it\/"]}]}},"_links":{"self":[{"href":"https:\/\/www.wippo.md\/ro\/wp-json\/wp\/v2\/pages\/884"}],"collection":[{"href":"https:\/\/www.wippo.md\/ro\/wp-json\/wp\/v2\/pages"}],"about":[{"href":"https:\/\/www.wippo.md\/ro\/wp-json\/wp\/v2\/types\/page"}],"author":[{"embeddable":true,"href":"https:\/\/www.wippo.md\/ro\/wp-json\/wp\/v2\/users\/3"}],"replies":[{"embeddable":true,"href":"https:\/\/www.wippo.md\/ro\/wp-json\/wp\/v2\/comments?post=884"}],"version-history":[{"count":22,"href":"https:\/\/www.wippo.md\/ro\/wp-json\/wp\/v2\/pages\/884\/revisions"}],"predecessor-version":[{"id":9131,"href":"https:\/\/www.wippo.md\/ro\/wp-json\/wp\/v2\/pages\/884\/revisions\/9131"}],"wp:attachment":[{"href":"https:\/\/www.wippo.md\/ro\/wp-json\/wp\/v2\/media?parent=884"}],"curies":[{"name":"wp","href":"https:\/\/api.w.org\/{rel}","templated":true}]}}